{"id":3482,"date":"2024-10-25T14:29:26","date_gmt":"2024-10-25T14:29:26","guid":{"rendered":"https:\/\/myclubgroup.co.uk\/?page_id=3482"},"modified":"2025-10-01T14:15:46","modified_gmt":"2025-10-01T14:15:46","slug":"getstarted","status":"publish","type":"page","link":"https:\/\/myclubgroup.com\/de\/getstarted\/","title":{"rendered":"Erste Schritte - Kontaktieren Sie uns"},"content":{"rendered":"","protected":false},"excerpt":{"rendered":"","protected":false},"author":2,"featured_media":850929,"parent":0,"menu_order":0,"comment_status":"closed","ping_status":"closed","template":"","meta":{"_acf_changed":false,"footnotes":""},"class_list":["post-3482","page","type-page","status-publish","has-post-thumbnail","hentry"],"acf":[],"yoast_head":"<!-- This site is optimized with the Yoast SEO Premium plugin v27.5 (Yoast SEO v27.5) - https:\/\/yoast.com\/product\/yoast-seo-premium-wordpress\/ -->\n<title>Get Started | Bespoke Sports Kit | Contact Us<\/title>\n<meta name=\"description\" content=\"Contact Us - My Club provide opportunities for grassroots sports clubs. From Sports Kit, to Lotto, Equipment, Grants and much more.\" \/>\n<meta name=\"robots\" content=\"index, follow, max-snippet:-1, max-image-preview:large, max-video-preview:-1\" \/>\n<link rel=\"canonical\" href=\"http:\/\/myclubgroup.com\/de\/getstarted\/\" \/>\n<meta property=\"og:locale\" content=\"de_DE\" \/>\n<meta property=\"og:type\" content=\"article\" \/>\n<meta property=\"og:title\" content=\"My Club Group\" \/>\n<meta property=\"og:description\" content=\"Contact Us - My Club provide opportunities for grassroots sports clubs. From Sports Kit, to Lotto, Equipment, Grants and much more.\" \/>\n<meta property=\"og:url\" content=\"http:\/\/myclubgroup.com\/de\/getstarted\/\" \/>\n<meta property=\"og:site_name\" content=\"My Club Group\" \/>\n<meta property=\"article:publisher\" content=\"https:\/\/www.facebook.com\/MyClubUK\/\" \/>\n<meta property=\"article:modified_time\" content=\"2025-10-01T14:15:46+00:00\" \/>\n<meta property=\"og:image\" content=\"https:\/\/myclubgroup.com\/wp-content\/uploads\/2025\/10\/header-pages-global-01.jpg\" \/>\n\t<meta property=\"og:image:width\" content=\"1920\" \/>\n\t<meta property=\"og:image:height\" content=\"1080\" \/>\n\t<meta property=\"og:image:type\" content=\"image\/jpeg\" \/>\n<meta name=\"twitter:card\" content=\"summary_large_image\" \/>\n<meta name=\"twitter:site\" content=\"@myclubgroup\" \/>\n<meta name=\"twitter:label1\" content=\"Est. reading time\" \/>\n\t<meta name=\"twitter:data1\" content=\"3\u00a0Minuten\" \/>\n<script type=\"application\/ld+json\" class=\"yoast-schema-graph\">{\"@context\":\"https:\\\/\\\/schema.org\",\"@graph\":[{\"@type\":\"WebPage\",\"@id\":\"http:\\\/\\\/myclubgroup.com\\\/de\\\/getstarted\\\/\",\"url\":\"http:\\\/\\\/myclubgroup.com\\\/de\\\/getstarted\\\/\",\"name\":\"Get Started | Bespoke Sports Kit | Contact Us\",\"isPartOf\":{\"@id\":\"https:\\\/\\\/myclubgroup.com\\\/#website\"},\"primaryImageOfPage\":{\"@id\":\"http:\\\/\\\/myclubgroup.com\\\/de\\\/getstarted\\\/#primaryimage\"},\"image\":{\"@id\":\"http:\\\/\\\/myclubgroup.com\\\/de\\\/getstarted\\\/#primaryimage\"},\"thumbnailUrl\":\"https:\\\/\\\/myclubgroup.com\\\/wp-content\\\/uploads\\\/2025\\\/10\\\/header-pages-global-01.jpg\",\"datePublished\":\"2024-10-25T14:29:26+00:00\",\"dateModified\":\"2025-10-01T14:15:46+00:00\",\"description\":\"Contact Us - My Club provide opportunities for grassroots sports clubs. From Sports Kit, to Lotto, Equipment, Grants and much more.\",\"breadcrumb\":{\"@id\":\"http:\\\/\\\/myclubgroup.com\\\/de\\\/getstarted\\\/#breadcrumb\"},\"inLanguage\":\"de\",\"potentialAction\":[{\"@type\":\"ReadAction\",\"target\":[\"http:\\\/\\\/myclubgroup.com\\\/de\\\/getstarted\\\/\"]}]},{\"@type\":\"ImageObject\",\"inLanguage\":\"de\",\"@id\":\"http:\\\/\\\/myclubgroup.com\\\/de\\\/getstarted\\\/#primaryimage\",\"url\":\"https:\\\/\\\/myclubgroup.com\\\/wp-content\\\/uploads\\\/2025\\\/10\\\/header-pages-global-01.jpg\",\"contentUrl\":\"https:\\\/\\\/myclubgroup.com\\\/wp-content\\\/uploads\\\/2025\\\/10\\\/header-pages-global-01.jpg\",\"width\":1920,\"height\":1080,\"caption\":\"A boy in a blue sports kit practises juggling a football on an outdoor court under a partly cloudy sky, with green trees and a fence in the background.\"},{\"@type\":\"BreadcrumbList\",\"@id\":\"http:\\\/\\\/myclubgroup.com\\\/de\\\/getstarted\\\/#breadcrumb\",\"itemListElement\":[{\"@type\":\"ListItem\",\"position\":1,\"name\":\"Home\",\"item\":\"https:\\\/\\\/myclubgroup.com\\\/\"},{\"@type\":\"ListItem\",\"position\":2,\"name\":\"Get Started - Contact Us\"}]},{\"@type\":\"WebSite\",\"@id\":\"https:\\\/\\\/myclubgroup.com\\\/#website\",\"url\":\"https:\\\/\\\/myclubgroup.com\\\/\",\"name\":\"My Club Group\",\"description\":\"Quality Custom Sports Kits\",\"publisher\":{\"@id\":\"https:\\\/\\\/myclubgroup.com\\\/#organization\"},\"potentialAction\":[{\"@type\":\"SearchAction\",\"target\":{\"@type\":\"EntryPoint\",\"urlTemplate\":\"https:\\\/\\\/myclubgroup.com\\\/?s={search_term_string}\"},\"query-input\":{\"@type\":\"PropertyValueSpecification\",\"valueRequired\":true,\"valueName\":\"search_term_string\"}}],\"inLanguage\":\"de\"},{\"@type\":\"Organization\",\"@id\":\"https:\\\/\\\/myclubgroup.com\\\/#organization\",\"name\":\"My Club Group\",\"alternateName\":\"My Club\",\"url\":\"https:\\\/\\\/myclubgroup.com\\\/\",\"logo\":{\"@type\":\"ImageObject\",\"inLanguage\":\"de\",\"@id\":\"https:\\\/\\\/myclubgroup.com\\\/#\\\/schema\\\/logo\\\/image\\\/\",\"url\":\"https:\\\/\\\/myclubgroup.com\\\/wp-content\\\/uploads\\\/2025\\\/02\\\/cropped-Favicon-blue-a.png\",\"contentUrl\":\"https:\\\/\\\/myclubgroup.com\\\/wp-content\\\/uploads\\\/2025\\\/02\\\/cropped-Favicon-blue-a.png\",\"width\":512,\"height\":512,\"caption\":\"My Club Group\"},\"image\":{\"@id\":\"https:\\\/\\\/myclubgroup.com\\\/#\\\/schema\\\/logo\\\/image\\\/\"},\"sameAs\":[\"https:\\\/\\\/www.facebook.com\\\/MyClubUK\\\/\",\"https:\\\/\\\/x.com\\\/myclubgroup\",\"https:\\\/\\\/uk.linkedin.com\\\/company\\\/my-club-group-limited\",\"https:\\\/\\\/www.instagram.com\\\/myclubgroup\\\/\"],\"description\":\"At My Club, we\u2019re more than just a custom sports kits provider; we\u2019re your dedicated partners in achieving your team\u2019s sporting dreams. Our journey began with a shared love for sports and a commitment to supporting communities.\",\"email\":\"customerservices@myclubgroup.com\",\"telephone\":\"01883772929\",\"legalName\":\"My Club Europe PLC\",\"numberOfEmployees\":{\"@type\":\"QuantitativeValue\",\"minValue\":\"11\",\"maxValue\":\"50\"},\"publishingPrinciples\":\"https:\\\/\\\/myclubgroup.com\\\/terms-conditions\\\/\",\"ownershipFundingInfo\":\"https:\\\/\\\/myclubgroup.com\\\/about-us\\\/\",\"actionableFeedbackPolicy\":\"https:\\\/\\\/myclubgroup.com\\\/terms-conditions\\\/\",\"correctionsPolicy\":\"https:\\\/\\\/myclubgroup.com\\\/terms-conditions\\\/\",\"ethicsPolicy\":\"https:\\\/\\\/myclubgroup.com\\\/anti-slavery-policy\\\/\",\"diversityPolicy\":\"https:\\\/\\\/myclubgroup.com\\\/anti-slavery-policy\\\/\",\"diversityStaffingReport\":\"https:\\\/\\\/myclubgroup.com\\\/anti-slavery-policy\\\/\"}]}<\/script>\n<!-- \/ Yoast SEO Premium plugin. -->","yoast_head_json":{"title":"Erste Schritte | Ma\u00dfgeschneiderte Sportausr\u00fcstung | Kontaktieren Sie uns","description":"Kontaktieren Sie uns - My Club bietet M\u00f6glichkeiten f\u00fcr Breitensportvereine. Von Sportartikeln bis hin zu Lotto, Ausr\u00fcstung, Zusch\u00fcssen und vielem mehr.","robots":{"index":"index","follow":"follow","max-snippet":"max-snippet:-1","max-image-preview":"max-image-preview:large","max-video-preview":"max-video-preview:-1"},"canonical":"http:\/\/myclubgroup.com\/de\/getstarted\/","og_locale":"de_DE","og_type":"article","og_title":"My Club Group","og_description":"Contact Us - My Club provide opportunities for grassroots sports clubs. From Sports Kit, to Lotto, Equipment, Grants and much more.","og_url":"http:\/\/myclubgroup.com\/de\/getstarted\/","og_site_name":"My Club Group","article_publisher":"https:\/\/www.facebook.com\/MyClubUK\/","article_modified_time":"2025-10-01T14:15:46+00:00","og_image":[{"width":1920,"height":1080,"url":"https:\/\/myclubgroup.com\/wp-content\/uploads\/2025\/10\/header-pages-global-01.jpg","type":"image\/jpeg"}],"twitter_card":"summary_large_image","twitter_site":"@myclubgroup","twitter_misc":{"Est. reading time":"3\u00a0Minuten"},"schema":{"@context":"https:\/\/schema.org","@graph":[{"@type":"WebPage","@id":"http:\/\/myclubgroup.com\/de\/getstarted\/","url":"http:\/\/myclubgroup.com\/de\/getstarted\/","name":"Erste Schritte | Ma\u00dfgeschneiderte Sportausr\u00fcstung | Kontaktieren Sie uns","isPartOf":{"@id":"https:\/\/myclubgroup.com\/#website"},"primaryImageOfPage":{"@id":"http:\/\/myclubgroup.com\/de\/getstarted\/#primaryimage"},"image":{"@id":"http:\/\/myclubgroup.com\/de\/getstarted\/#primaryimage"},"thumbnailUrl":"https:\/\/myclubgroup.com\/wp-content\/uploads\/2025\/10\/header-pages-global-01.jpg","datePublished":"2024-10-25T14:29:26+00:00","dateModified":"2025-10-01T14:15:46+00:00","description":"Kontaktieren Sie uns - My Club bietet M\u00f6glichkeiten f\u00fcr Breitensportvereine. Von Sportartikeln bis hin zu Lotto, Ausr\u00fcstung, Zusch\u00fcssen und vielem mehr.","breadcrumb":{"@id":"http:\/\/myclubgroup.com\/de\/getstarted\/#breadcrumb"},"inLanguage":"de","potentialAction":[{"@type":"ReadAction","target":["http:\/\/myclubgroup.com\/de\/getstarted\/"]}]},{"@type":"ImageObject","inLanguage":"de","@id":"http:\/\/myclubgroup.com\/de\/getstarted\/#primaryimage","url":"https:\/\/myclubgroup.com\/wp-content\/uploads\/2025\/10\/header-pages-global-01.jpg","contentUrl":"https:\/\/myclubgroup.com\/wp-content\/uploads\/2025\/10\/header-pages-global-01.jpg","width":1920,"height":1080,"caption":"A boy in a blue sports kit practises juggling a football on an outdoor court under a partly cloudy sky, with green trees and a fence in the background."},{"@type":"BreadcrumbList","@id":"http:\/\/myclubgroup.com\/de\/getstarted\/#breadcrumb","itemListElement":[{"@type":"ListItem","position":1,"name":"Home","item":"https:\/\/myclubgroup.com\/"},{"@type":"ListItem","position":2,"name":"Get Started - Contact Us"}]},{"@type":"WebSite","@id":"https:\/\/myclubgroup.com\/#website","url":"https:\/\/myclubgroup.com\/","name":"MY CLUB GROUP","description":"Hochwertige ma\u00dfgeschneiderte Sportbekleidung","publisher":{"@id":"https:\/\/myclubgroup.com\/#organization"},"potentialAction":[{"@type":"SearchAction","target":{"@type":"EntryPoint","urlTemplate":"https:\/\/myclubgroup.com\/?s={search_term_string}"},"query-input":{"@type":"PropertyValueSpecification","valueRequired":true,"valueName":"search_term_string"}}],"inLanguage":"de"},{"@type":"Organization","@id":"https:\/\/myclubgroup.com\/#organization","name":"MY CLUB GROUP","alternateName":"My Club","url":"https:\/\/myclubgroup.com\/","logo":{"@type":"ImageObject","inLanguage":"de","@id":"https:\/\/myclubgroup.com\/#\/schema\/logo\/image\/","url":"https:\/\/myclubgroup.com\/wp-content\/uploads\/2025\/02\/cropped-Favicon-blue-a.png","contentUrl":"https:\/\/myclubgroup.com\/wp-content\/uploads\/2025\/02\/cropped-Favicon-blue-a.png","width":512,"height":512,"caption":"My Club Group"},"image":{"@id":"https:\/\/myclubgroup.com\/#\/schema\/logo\/image\/"},"sameAs":["https:\/\/www.facebook.com\/MyClubUK\/","https:\/\/x.com\/myclubgroup","https:\/\/uk.linkedin.com\/company\/my-club-group-limited","https:\/\/www.instagram.com\/myclubgroup\/"],"description":"Bei My Club sind wir mehr als nur ein Anbieter von ma\u00dfgeschneiderten Sportbekleidungen \u2013 wir sind Ihr engagierter Partner, der Ihnen dabei hilft, die sportlichen Tr\u00e4ume Ihres Teams zu verwirklichen. Unsere Reise begann mit einer gemeinsamen Liebe zum Sport und dem Engagement, Gemeinschaften zu unterst\u00fctzen.","email":"customerservices@myclubgroup.com","telephone":"01883772929","legalName":"My Club Europe PLC","numberOfEmployees":{"@type":"QuantitativeValue","minValue":"11","maxValue":"50"},"publishingPrinciples":"https:\/\/myclubgroup.com\/terms-conditions\/","ownershipFundingInfo":"https:\/\/myclubgroup.com\/about-us\/","actionableFeedbackPolicy":"https:\/\/myclubgroup.com\/terms-conditions\/","correctionsPolicy":"https:\/\/myclubgroup.com\/terms-conditions\/","ethicsPolicy":"https:\/\/myclubgroup.com\/anti-slavery-policy\/","diversityPolicy":"https:\/\/myclubgroup.com\/anti-slavery-policy\/","diversityStaffingReport":"https:\/\/myclubgroup.com\/anti-slavery-policy\/"}]}},"_links":{"self":[{"href":"https:\/\/myclubgroup.com\/de\/wp-json\/wp\/v2\/pages\/3482","targetHints":{"allow":["GET"]}}],"collection":[{"href":"https:\/\/myclubgroup.com\/de\/wp-json\/wp\/v2\/pages"}],"about":[{"href":"https:\/\/myclubgroup.com\/de\/wp-json\/wp\/v2\/types\/page"}],"author":[{"embeddable":true,"href":"https:\/\/myclubgroup.com\/de\/wp-json\/wp\/v2\/users\/2"}],"replies":[{"embeddable":true,"href":"https:\/\/myclubgroup.com\/de\/wp-json\/wp\/v2\/comments?post=3482"}],"version-history":[{"count":0,"href":"https:\/\/myclubgroup.com\/de\/wp-json\/wp\/v2\/pages\/3482\/revisions"}],"wp:featuredmedia":[{"embeddable":true,"href":"https:\/\/myclubgroup.com\/de\/wp-json\/wp\/v2\/media\/850929"}],"wp:attachment":[{"href":"https:\/\/myclubgroup.com\/de\/wp-json\/wp\/v2\/media?parent=3482"}],"curies":[{"name":"wp","href":"https:\/\/api.w.org\/{rel}","templated":true}]}}