{"id":845534,"date":"2025-04-04T12:27:30","date_gmt":"2025-04-04T12:27:30","guid":{"rendered":"https:\/\/myclubgroup.co.uk\/?page_id=845534"},"modified":"2026-03-03T11:43:43","modified_gmt":"2026-03-03T11:43:43","slug":"benutzerdefinierte-elite-fusball-trikot","status":"publish","type":"page","link":"https:\/\/myclubgroup.com\/de\/custom-elite-football-kit\/","title":{"rendered":"Elite-Fu\u00dfballtrikot"},"content":{"rendered":"","protected":false},"excerpt":{"rendered":"","protected":false},"author":8,"featured_media":850929,"parent":0,"menu_order":0,"comment_status":"closed","ping_status":"closed","template":"","meta":{"_acf_changed":false,"footnotes":""},"class_list":["post-845534","page","type-page","status-publish","has-post-thumbnail","hentry"],"acf":[],"yoast_head":"<!-- This site is optimized with the Yoast SEO Premium plugin v27.5 (Yoast SEO v27.5) - https:\/\/yoast.com\/product\/yoast-seo-premium-wordpress\/ -->\n<title>Custom Elite Football Kits UK | Personalised Elite Football Kit<\/title>\n<meta name=\"description\" content=\"Design your own custom elite football kits in 3D. Fast UK delivery. All logos, names &amp; sponsors included in the price. Join 10K+ UK clubs.\" \/>\n<meta name=\"robots\" content=\"index, follow, max-snippet:-1, max-image-preview:large, max-video-preview:-1\" \/>\n<link rel=\"canonical\" href=\"http:\/\/myclubgroup.com\/de\/benutzerdefinierte-elite-fusball-trikot\/\" \/>\n<meta property=\"og:locale\" content=\"de_DE\" \/>\n<meta property=\"og:type\" content=\"article\" \/>\n<meta property=\"og:title\" content=\"My Club Group\" \/>\n<meta property=\"og:description\" content=\"Design your own custom elite football kits in 3D. Fast UK delivery. All logos, names &amp; sponsors included in the price. Join 10K+ UK clubs.\" \/>\n<meta property=\"og:url\" content=\"http:\/\/myclubgroup.com\/de\/benutzerdefinierte-elite-fusball-trikot\/\" \/>\n<meta property=\"og:site_name\" content=\"My Club Group\" \/>\n<meta property=\"article:publisher\" content=\"https:\/\/www.facebook.com\/MyClubUK\/\" \/>\n<meta property=\"article:modified_time\" content=\"2026-03-03T11:43:43+00:00\" \/>\n<meta property=\"og:image\" content=\"https:\/\/myclubgroup.com\/wp-content\/uploads\/2025\/10\/header-pages-global-01.jpg\" \/>\n\t<meta property=\"og:image:width\" content=\"1920\" \/>\n\t<meta property=\"og:image:height\" content=\"1080\" \/>\n\t<meta property=\"og:image:type\" content=\"image\/jpeg\" \/>\n<meta name=\"twitter:card\" content=\"summary_large_image\" \/>\n<meta name=\"twitter:site\" content=\"@myclubgroup\" \/>\n<meta name=\"twitter:label1\" content=\"Est. reading time\" \/>\n\t<meta name=\"twitter:data1\" content=\"19\u00a0Minuten\" \/>\n<script type=\"application\/ld+json\" class=\"yoast-schema-graph\">{\"@context\":\"https:\\\/\\\/schema.org\",\"@graph\":[{\"@type\":\"WebPage\",\"@id\":\"http:\\\/\\\/myclubgroup.com\\\/es\\\/equipacion-de-futbol-de-elite-personalizada\\\/\",\"url\":\"http:\\\/\\\/myclubgroup.com\\\/es\\\/equipacion-de-futbol-de-elite-personalizada\\\/\",\"name\":\"Custom Elite Football Kits UK | Personalised Elite Football Kit\",\"isPartOf\":{\"@id\":\"https:\\\/\\\/myclubgroup.com\\\/#website\"},\"primaryImageOfPage\":{\"@id\":\"http:\\\/\\\/myclubgroup.com\\\/es\\\/equipacion-de-futbol-de-elite-personalizada\\\/#primaryimage\"},\"image\":{\"@id\":\"http:\\\/\\\/myclubgroup.com\\\/es\\\/equipacion-de-futbol-de-elite-personalizada\\\/#primaryimage\"},\"thumbnailUrl\":\"https:\\\/\\\/myclubgroup.com\\\/wp-content\\\/uploads\\\/2025\\\/10\\\/header-pages-global-01.jpg\",\"datePublished\":\"2025-04-04T12:27:30+00:00\",\"dateModified\":\"2026-03-03T11:43:43+00:00\",\"description\":\"Design your own custom elite football kits in 3D. Fast UK delivery. All logos, names & sponsors included in the price. Join 10K+ UK clubs.\",\"breadcrumb\":{\"@id\":\"http:\\\/\\\/myclubgroup.com\\\/es\\\/equipacion-de-futbol-de-elite-personalizada\\\/#breadcrumb\"},\"inLanguage\":\"de\",\"potentialAction\":[{\"@type\":\"ReadAction\",\"target\":[\"http:\\\/\\\/myclubgroup.com\\\/es\\\/equipacion-de-futbol-de-elite-personalizada\\\/\"]}]},{\"@type\":\"ImageObject\",\"inLanguage\":\"de\",\"@id\":\"http:\\\/\\\/myclubgroup.com\\\/es\\\/equipacion-de-futbol-de-elite-personalizada\\\/#primaryimage\",\"url\":\"https:\\\/\\\/myclubgroup.com\\\/wp-content\\\/uploads\\\/2025\\\/10\\\/header-pages-global-01.jpg\",\"contentUrl\":\"https:\\\/\\\/myclubgroup.com\\\/wp-content\\\/uploads\\\/2025\\\/10\\\/header-pages-global-01.jpg\",\"width\":1920,\"height\":1080,\"caption\":\"A boy in a blue sports kit practises juggling a football on an outdoor court under a partly cloudy sky, with green trees and a fence in the background.\"},{\"@type\":\"BreadcrumbList\",\"@id\":\"http:\\\/\\\/myclubgroup.com\\\/es\\\/equipacion-de-futbol-de-elite-personalizada\\\/#breadcrumb\",\"itemListElement\":[{\"@type\":\"ListItem\",\"position\":1,\"name\":\"Home\",\"item\":\"https:\\\/\\\/myclubgroup.com\\\/\"},{\"@type\":\"ListItem\",\"position\":2,\"name\":\"Elite Football Kit\"}]},{\"@type\":\"WebSite\",\"@id\":\"https:\\\/\\\/myclubgroup.com\\\/#website\",\"url\":\"https:\\\/\\\/myclubgroup.com\\\/\",\"name\":\"My Club Group\",\"description\":\"Quality Custom Sports Kits\",\"publisher\":{\"@id\":\"https:\\\/\\\/myclubgroup.com\\\/#organization\"},\"potentialAction\":[{\"@type\":\"SearchAction\",\"target\":{\"@type\":\"EntryPoint\",\"urlTemplate\":\"https:\\\/\\\/myclubgroup.com\\\/?s={search_term_string}\"},\"query-input\":{\"@type\":\"PropertyValueSpecification\",\"valueRequired\":true,\"valueName\":\"search_term_string\"}}],\"inLanguage\":\"de\"},{\"@type\":\"Organization\",\"@id\":\"https:\\\/\\\/myclubgroup.com\\\/#organization\",\"name\":\"My Club Group\",\"alternateName\":\"My Club\",\"url\":\"https:\\\/\\\/myclubgroup.com\\\/\",\"logo\":{\"@type\":\"ImageObject\",\"inLanguage\":\"de\",\"@id\":\"https:\\\/\\\/myclubgroup.com\\\/#\\\/schema\\\/logo\\\/image\\\/\",\"url\":\"https:\\\/\\\/myclubgroup.com\\\/wp-content\\\/uploads\\\/2025\\\/02\\\/cropped-Favicon-blue-a.png\",\"contentUrl\":\"https:\\\/\\\/myclubgroup.com\\\/wp-content\\\/uploads\\\/2025\\\/02\\\/cropped-Favicon-blue-a.png\",\"width\":512,\"height\":512,\"caption\":\"My Club Group\"},\"image\":{\"@id\":\"https:\\\/\\\/myclubgroup.com\\\/#\\\/schema\\\/logo\\\/image\\\/\"},\"sameAs\":[\"https:\\\/\\\/www.facebook.com\\\/MyClubUK\\\/\",\"https:\\\/\\\/x.com\\\/myclubgroup\",\"https:\\\/\\\/uk.linkedin.com\\\/company\\\/my-club-group-limited\",\"https:\\\/\\\/www.instagram.com\\\/myclubgroup\\\/\"],\"description\":\"At My Club, we\u2019re more than just a custom sports kits provider; we\u2019re your dedicated partners in achieving your team\u2019s sporting dreams. Our journey began with a shared love for sports and a commitment to supporting communities.\",\"email\":\"customerservices@myclubgroup.com\",\"telephone\":\"01883772929\",\"legalName\":\"My Club Europe PLC\",\"numberOfEmployees\":{\"@type\":\"QuantitativeValue\",\"minValue\":\"11\",\"maxValue\":\"50\"},\"publishingPrinciples\":\"https:\\\/\\\/myclubgroup.com\\\/terms-conditions\\\/\",\"ownershipFundingInfo\":\"https:\\\/\\\/myclubgroup.com\\\/about-us\\\/\",\"actionableFeedbackPolicy\":\"https:\\\/\\\/myclubgroup.com\\\/terms-conditions\\\/\",\"correctionsPolicy\":\"https:\\\/\\\/myclubgroup.com\\\/terms-conditions\\\/\",\"ethicsPolicy\":\"https:\\\/\\\/myclubgroup.com\\\/anti-slavery-policy\\\/\",\"diversityPolicy\":\"https:\\\/\\\/myclubgroup.com\\\/anti-slavery-policy\\\/\",\"diversityStaffingReport\":\"https:\\\/\\\/myclubgroup.com\\\/anti-slavery-policy\\\/\"}]}<\/script>\n<!-- \/ Yoast SEO Premium plugin. -->","yoast_head_json":{"title":"Individuelle Elite-Fu\u00dfballtrikots | Personalisierte Elite-Fu\u00dfballtrikots","description":"Entwerfen Sie Ihre eigenen individuellen Elite-Fu\u00dfballtrikots in 3D. Schnelle Lieferung. Alle Logos, Namen und Sponsoren sind im Preis enthalten. Schlie\u00dfen Sie sich 10K+ Vereinen an.","robots":{"index":"index","follow":"follow","max-snippet":"max-snippet:-1","max-image-preview":"max-image-preview:large","max-video-preview":"max-video-preview:-1"},"canonical":"http:\/\/myclubgroup.com\/de\/benutzerdefinierte-elite-fusball-trikot\/","og_locale":"de_DE","og_type":"article","og_title":"My Club Group","og_description":"Design your own custom elite football kits in 3D. Fast UK delivery. All logos, names & sponsors included in the price. Join 10K+ UK clubs.","og_url":"http:\/\/myclubgroup.com\/de\/benutzerdefinierte-elite-fusball-trikot\/","og_site_name":"My Club Group","article_publisher":"https:\/\/www.facebook.com\/MyClubUK\/","article_modified_time":"2026-03-03T11:43:43+00:00","og_image":[{"width":1920,"height":1080,"url":"https:\/\/myclubgroup.com\/wp-content\/uploads\/2025\/10\/header-pages-global-01.jpg","type":"image\/jpeg"}],"twitter_card":"summary_large_image","twitter_site":"@myclubgroup","twitter_misc":{"Est. reading time":"19\u00a0Minuten"},"schema":{"@context":"https:\/\/schema.org","@graph":[{"@type":"WebPage","@id":"http:\/\/myclubgroup.com\/es\/equipacion-de-futbol-de-elite-personalizada\/","url":"http:\/\/myclubgroup.com\/es\/equipacion-de-futbol-de-elite-personalizada\/","name":"Individuelle Elite-Fu\u00dfballtrikots | Personalisierte Elite-Fu\u00dfballtrikots","isPartOf":{"@id":"https:\/\/myclubgroup.com\/#website"},"primaryImageOfPage":{"@id":"http:\/\/myclubgroup.com\/es\/equipacion-de-futbol-de-elite-personalizada\/#primaryimage"},"image":{"@id":"http:\/\/myclubgroup.com\/es\/equipacion-de-futbol-de-elite-personalizada\/#primaryimage"},"thumbnailUrl":"https:\/\/myclubgroup.com\/wp-content\/uploads\/2025\/10\/header-pages-global-01.jpg","datePublished":"2025-04-04T12:27:30+00:00","dateModified":"2026-03-03T11:43:43+00:00","description":"Entwerfen Sie Ihre eigenen individuellen Elite-Fu\u00dfballtrikots in 3D. Schnelle Lieferung. Alle Logos, Namen und Sponsoren sind im Preis enthalten. Schlie\u00dfen Sie sich 10K+ Vereinen an.","breadcrumb":{"@id":"http:\/\/myclubgroup.com\/es\/equipacion-de-futbol-de-elite-personalizada\/#breadcrumb"},"inLanguage":"de","potentialAction":[{"@type":"ReadAction","target":["http:\/\/myclubgroup.com\/es\/equipacion-de-futbol-de-elite-personalizada\/"]}]},{"@type":"ImageObject","inLanguage":"de","@id":"http:\/\/myclubgroup.com\/es\/equipacion-de-futbol-de-elite-personalizada\/#primaryimage","url":"https:\/\/myclubgroup.com\/wp-content\/uploads\/2025\/10\/header-pages-global-01.jpg","contentUrl":"https:\/\/myclubgroup.com\/wp-content\/uploads\/2025\/10\/header-pages-global-01.jpg","width":1920,"height":1080,"caption":"A boy in a blue sports kit practises juggling a football on an outdoor court under a partly cloudy sky, with green trees and a fence in the background."},{"@type":"BreadcrumbList","@id":"http:\/\/myclubgroup.com\/es\/equipacion-de-futbol-de-elite-personalizada\/#breadcrumb","itemListElement":[{"@type":"ListItem","position":1,"name":"Home","item":"https:\/\/myclubgroup.com\/"},{"@type":"ListItem","position":2,"name":"Elite Football Kit"}]},{"@type":"WebSite","@id":"https:\/\/myclubgroup.com\/#website","url":"https:\/\/myclubgroup.com\/","name":"MY CLUB GROUP","description":"Hochwertige ma\u00dfgeschneiderte Sportbekleidung","publisher":{"@id":"https:\/\/myclubgroup.com\/#organization"},"potentialAction":[{"@type":"SearchAction","target":{"@type":"EntryPoint","urlTemplate":"https:\/\/myclubgroup.com\/?s={search_term_string}"},"query-input":{"@type":"PropertyValueSpecification","valueRequired":true,"valueName":"search_term_string"}}],"inLanguage":"de"},{"@type":"Organization","@id":"https:\/\/myclubgroup.com\/#organization","name":"MY CLUB GROUP","alternateName":"My Club","url":"https:\/\/myclubgroup.com\/","logo":{"@type":"ImageObject","inLanguage":"de","@id":"https:\/\/myclubgroup.com\/#\/schema\/logo\/image\/","url":"https:\/\/myclubgroup.com\/wp-content\/uploads\/2025\/02\/cropped-Favicon-blue-a.png","contentUrl":"https:\/\/myclubgroup.com\/wp-content\/uploads\/2025\/02\/cropped-Favicon-blue-a.png","width":512,"height":512,"caption":"My Club Group"},"image":{"@id":"https:\/\/myclubgroup.com\/#\/schema\/logo\/image\/"},"sameAs":["https:\/\/www.facebook.com\/MyClubUK\/","https:\/\/x.com\/myclubgroup","https:\/\/uk.linkedin.com\/company\/my-club-group-limited","https:\/\/www.instagram.com\/myclubgroup\/"],"description":"Bei My Club sind wir mehr als nur ein Anbieter von ma\u00dfgeschneiderten Sportbekleidungen \u2013 wir sind Ihr engagierter Partner, der Ihnen dabei hilft, die sportlichen Tr\u00e4ume Ihres Teams zu verwirklichen. Unsere Reise begann mit einer gemeinsamen Liebe zum Sport und dem Engagement, Gemeinschaften zu unterst\u00fctzen.","email":"customerservices@myclubgroup.com","telephone":"01883772929","legalName":"My Club Europe PLC","numberOfEmployees":{"@type":"QuantitativeValue","minValue":"11","maxValue":"50"},"publishingPrinciples":"https:\/\/myclubgroup.com\/terms-conditions\/","ownershipFundingInfo":"https:\/\/myclubgroup.com\/about-us\/","actionableFeedbackPolicy":"https:\/\/myclubgroup.com\/terms-conditions\/","correctionsPolicy":"https:\/\/myclubgroup.com\/terms-conditions\/","ethicsPolicy":"https:\/\/myclubgroup.com\/anti-slavery-policy\/","diversityPolicy":"https:\/\/myclubgroup.com\/anti-slavery-policy\/","diversityStaffingReport":"https:\/\/myclubgroup.com\/anti-slavery-policy\/"}]}},"_links":{"self":[{"href":"https:\/\/myclubgroup.com\/de\/wp-json\/wp\/v2\/pages\/845534","targetHints":{"allow":["GET"]}}],"collection":[{"href":"https:\/\/myclubgroup.com\/de\/wp-json\/wp\/v2\/pages"}],"about":[{"href":"https:\/\/myclubgroup.com\/de\/wp-json\/wp\/v2\/types\/page"}],"author":[{"embeddable":true,"href":"https:\/\/myclubgroup.com\/de\/wp-json\/wp\/v2\/users\/8"}],"replies":[{"embeddable":true,"href":"https:\/\/myclubgroup.com\/de\/wp-json\/wp\/v2\/comments?post=845534"}],"version-history":[{"count":0,"href":"https:\/\/myclubgroup.com\/de\/wp-json\/wp\/v2\/pages\/845534\/revisions"}],"wp:featuredmedia":[{"embeddable":true,"href":"https:\/\/myclubgroup.com\/de\/wp-json\/wp\/v2\/media\/850929"}],"wp:attachment":[{"href":"https:\/\/myclubgroup.com\/de\/wp-json\/wp\/v2\/media?parent=845534"}],"curies":[{"name":"wp","href":"https:\/\/api.w.org\/{rel}","templated":true}]}}