{"id":850074,"date":"2025-08-07T14:07:16","date_gmt":"2025-08-07T14:07:16","guid":{"rendered":"https:\/\/myclubgroup.co.uk\/?page_id=850074"},"modified":"2025-08-07T14:07:16","modified_gmt":"2025-08-07T14:07:16","slug":"individuelle-elite-teambekleidung","status":"publish","type":"page","link":"https:\/\/myclubgroup.com\/de\/custom-elite-teamwear-kit\/","title":{"rendered":"Elite-Ausbildungspaket"},"content":{"rendered":"","protected":false},"excerpt":{"rendered":"","protected":false},"author":8,"featured_media":840419,"parent":0,"menu_order":0,"comment_status":"closed","ping_status":"closed","template":"","meta":{"_acf_changed":false,"footnotes":""},"class_list":["post-850074","page","type-page","status-publish","has-post-thumbnail","hentry"],"acf":[],"yoast_head":"<!-- This site is optimized with the Yoast SEO Premium plugin v27.4 (Yoast SEO v27.4) - https:\/\/yoast.com\/product\/yoast-seo-premium-wordpress\/ -->\n<title>Custom Elite Training Kit | Personalised Elite Training Kit<\/title>\n<meta name=\"description\" content=\"We offer fully sublimated custom elite training kit and custom elite teamwear. We also offer full customisation with our 3D kit builder.\" \/>\n<meta name=\"robots\" content=\"index, follow, max-snippet:-1, max-image-preview:large, max-video-preview:-1\" \/>\n<link rel=\"canonical\" href=\"https:\/\/myclubgroup.com\/de\/individuelle-elite-teambekleidung\/\" \/>\n<meta property=\"og:locale\" content=\"de_DE\" \/>\n<meta property=\"og:type\" content=\"article\" \/>\n<meta property=\"og:title\" content=\"My Club Group\" \/>\n<meta property=\"og:description\" content=\"We offer fully sublimated custom elite training kit and custom elite teamwear. We also offer full customisation with our 3D kit builder.\" \/>\n<meta property=\"og:url\" content=\"https:\/\/myclubgroup.com\/de\/individuelle-elite-teambekleidung\/\" \/>\n<meta property=\"og:site_name\" content=\"My Club Group\" \/>\n<meta property=\"article:publisher\" content=\"https:\/\/www.facebook.com\/MyClubUK\/\" \/>\n<meta property=\"og:image\" content=\"https:\/\/myclubgroup.com\/wp-content\/uploads\/2024\/12\/Hero-home-01.jpg\" \/>\n\t<meta property=\"og:image:width\" content=\"1920\" \/>\n\t<meta property=\"og:image:height\" content=\"1080\" \/>\n\t<meta property=\"og:image:type\" content=\"image\/jpeg\" \/>\n<meta name=\"twitter:card\" content=\"summary_large_image\" \/>\n<meta name=\"twitter:site\" content=\"@myclubgroup\" \/>\n<meta name=\"twitter:label1\" content=\"Est. reading time\" \/>\n\t<meta name=\"twitter:data1\" content=\"12\u00a0Minuten\" \/>\n<script type=\"application\/ld+json\" class=\"yoast-schema-graph\">{\"@context\":\"https:\\\/\\\/schema.org\",\"@graph\":[{\"@type\":\"WebPage\",\"@id\":\"https:\\\/\\\/myclubgroup.com\\\/custom-elite-teamwear-kit\\\/\",\"url\":\"https:\\\/\\\/myclubgroup.com\\\/custom-elite-teamwear-kit\\\/\",\"name\":\"Custom Elite Training Kit | Personalised Elite Training Kit\",\"isPartOf\":{\"@id\":\"https:\\\/\\\/myclubgroup.com\\\/#website\"},\"primaryImageOfPage\":{\"@id\":\"https:\\\/\\\/myclubgroup.com\\\/custom-elite-teamwear-kit\\\/#primaryimage\"},\"image\":{\"@id\":\"https:\\\/\\\/myclubgroup.com\\\/custom-elite-teamwear-kit\\\/#primaryimage\"},\"thumbnailUrl\":\"https:\\\/\\\/myclubgroup.com\\\/wp-content\\\/uploads\\\/2024\\\/12\\\/Hero-home-01.jpg\",\"datePublished\":\"2025-08-07T14:07:16+00:00\",\"description\":\"We offer fully sublimated custom elite training kit and custom elite teamwear. We also offer full customisation with our 3D kit builder.\",\"breadcrumb\":{\"@id\":\"https:\\\/\\\/myclubgroup.com\\\/custom-elite-teamwear-kit\\\/#breadcrumb\"},\"inLanguage\":\"de\",\"potentialAction\":[{\"@type\":\"ReadAction\",\"target\":[\"https:\\\/\\\/myclubgroup.com\\\/custom-elite-teamwear-kit\\\/\"]}]},{\"@type\":\"ImageObject\",\"inLanguage\":\"de\",\"@id\":\"https:\\\/\\\/myclubgroup.com\\\/custom-elite-teamwear-kit\\\/#primaryimage\",\"url\":\"https:\\\/\\\/myclubgroup.com\\\/wp-content\\\/uploads\\\/2024\\\/12\\\/Hero-home-01.jpg\",\"contentUrl\":\"https:\\\/\\\/myclubgroup.com\\\/wp-content\\\/uploads\\\/2024\\\/12\\\/Hero-home-01.jpg\",\"width\":1920,\"height\":1080,\"caption\":\"Four soccer players sit in a locker room. One holds a ball and wears headphones, while the others look ahead. Sports gear hangs in the background.\"},{\"@type\":\"BreadcrumbList\",\"@id\":\"https:\\\/\\\/myclubgroup.com\\\/custom-elite-teamwear-kit\\\/#breadcrumb\",\"itemListElement\":[{\"@type\":\"ListItem\",\"position\":1,\"name\":\"Home\",\"item\":\"https:\\\/\\\/myclubgroup.com\\\/\"},{\"@type\":\"ListItem\",\"position\":2,\"name\":\"Elite Training Kit\"}]},{\"@type\":\"WebSite\",\"@id\":\"https:\\\/\\\/myclubgroup.com\\\/#website\",\"url\":\"https:\\\/\\\/myclubgroup.com\\\/\",\"name\":\"My Club Group\",\"description\":\"Quality Custom Sports Kits\",\"publisher\":{\"@id\":\"https:\\\/\\\/myclubgroup.com\\\/#organization\"},\"potentialAction\":[{\"@type\":\"SearchAction\",\"target\":{\"@type\":\"EntryPoint\",\"urlTemplate\":\"https:\\\/\\\/myclubgroup.com\\\/?s={search_term_string}\"},\"query-input\":{\"@type\":\"PropertyValueSpecification\",\"valueRequired\":true,\"valueName\":\"search_term_string\"}}],\"inLanguage\":\"de\"},{\"@type\":\"Organization\",\"@id\":\"https:\\\/\\\/myclubgroup.com\\\/#organization\",\"name\":\"My Club Group\",\"alternateName\":\"My Club\",\"url\":\"https:\\\/\\\/myclubgroup.com\\\/\",\"logo\":{\"@type\":\"ImageObject\",\"inLanguage\":\"de\",\"@id\":\"https:\\\/\\\/myclubgroup.com\\\/#\\\/schema\\\/logo\\\/image\\\/\",\"url\":\"https:\\\/\\\/myclubgroup.com\\\/wp-content\\\/uploads\\\/2025\\\/02\\\/cropped-Favicon-blue-a.png\",\"contentUrl\":\"https:\\\/\\\/myclubgroup.com\\\/wp-content\\\/uploads\\\/2025\\\/02\\\/cropped-Favicon-blue-a.png\",\"width\":512,\"height\":512,\"caption\":\"My Club Group\"},\"image\":{\"@id\":\"https:\\\/\\\/myclubgroup.com\\\/#\\\/schema\\\/logo\\\/image\\\/\"},\"sameAs\":[\"https:\\\/\\\/www.facebook.com\\\/MyClubUK\\\/\",\"https:\\\/\\\/x.com\\\/myclubgroup\",\"https:\\\/\\\/uk.linkedin.com\\\/company\\\/my-club-group-limited\",\"https:\\\/\\\/www.instagram.com\\\/myclubgroup\\\/\"],\"description\":\"At My Club, we\u2019re more than just a custom sports kits provider; we\u2019re your dedicated partners in achieving your team\u2019s sporting dreams. Our journey began with a shared love for sports and a commitment to supporting communities.\",\"email\":\"customerservices@myclubgroup.com\",\"telephone\":\"01883772929\",\"legalName\":\"My Club Europe PLC\",\"numberOfEmployees\":{\"@type\":\"QuantitativeValue\",\"minValue\":\"11\",\"maxValue\":\"50\"},\"publishingPrinciples\":\"https:\\\/\\\/myclubgroup.com\\\/terms-conditions\\\/\",\"ownershipFundingInfo\":\"https:\\\/\\\/myclubgroup.com\\\/about-us\\\/\",\"actionableFeedbackPolicy\":\"https:\\\/\\\/myclubgroup.com\\\/terms-conditions\\\/\",\"correctionsPolicy\":\"https:\\\/\\\/myclubgroup.com\\\/terms-conditions\\\/\",\"ethicsPolicy\":\"https:\\\/\\\/myclubgroup.com\\\/anti-slavery-policy\\\/\",\"diversityPolicy\":\"https:\\\/\\\/myclubgroup.com\\\/anti-slavery-policy\\\/\",\"diversityStaffingReport\":\"https:\\\/\\\/myclubgroup.com\\\/anti-slavery-policy\\\/\"}]}<\/script>\n<!-- \/ Yoast SEO Premium plugin. -->","yoast_head_json":{"title":"Individuelles Elite-Trainingskit | Personalisiertes Elite-Trainingskit","description":"Wir bieten vollst\u00e4ndig sublimierte individuelle Elite-Trainingsanz\u00fcge und individuelle Elite-Teambekleidung. Wir bieten auch eine vollst\u00e4ndige Anpassung mit unserem 3D-Kit-Builder an.","robots":{"index":"index","follow":"follow","max-snippet":"max-snippet:-1","max-image-preview":"max-image-preview:large","max-video-preview":"max-video-preview:-1"},"canonical":"https:\/\/myclubgroup.com\/de\/individuelle-elite-teambekleidung\/","og_locale":"de_DE","og_type":"article","og_title":"My Club Group","og_description":"We offer fully sublimated custom elite training kit and custom elite teamwear. We also offer full customisation with our 3D kit builder.","og_url":"https:\/\/myclubgroup.com\/de\/individuelle-elite-teambekleidung\/","og_site_name":"My Club Group","article_publisher":"https:\/\/www.facebook.com\/MyClubUK\/","og_image":[{"width":1920,"height":1080,"url":"https:\/\/myclubgroup.com\/wp-content\/uploads\/2024\/12\/Hero-home-01.jpg","type":"image\/jpeg"}],"twitter_card":"summary_large_image","twitter_site":"@myclubgroup","twitter_misc":{"Est. reading time":"12\u00a0Minuten"},"schema":{"@context":"https:\/\/schema.org","@graph":[{"@type":"WebPage","@id":"https:\/\/myclubgroup.com\/custom-elite-teamwear-kit\/","url":"https:\/\/myclubgroup.com\/custom-elite-teamwear-kit\/","name":"Individuelles Elite-Trainingskit | Personalisiertes Elite-Trainingskit","isPartOf":{"@id":"https:\/\/myclubgroup.com\/#website"},"primaryImageOfPage":{"@id":"https:\/\/myclubgroup.com\/custom-elite-teamwear-kit\/#primaryimage"},"image":{"@id":"https:\/\/myclubgroup.com\/custom-elite-teamwear-kit\/#primaryimage"},"thumbnailUrl":"https:\/\/myclubgroup.com\/wp-content\/uploads\/2024\/12\/Hero-home-01.jpg","datePublished":"2025-08-07T14:07:16+00:00","description":"Wir bieten vollst\u00e4ndig sublimierte individuelle Elite-Trainingsanz\u00fcge und individuelle Elite-Teambekleidung. Wir bieten auch eine vollst\u00e4ndige Anpassung mit unserem 3D-Kit-Builder an.","breadcrumb":{"@id":"https:\/\/myclubgroup.com\/custom-elite-teamwear-kit\/#breadcrumb"},"inLanguage":"de","potentialAction":[{"@type":"ReadAction","target":["https:\/\/myclubgroup.com\/custom-elite-teamwear-kit\/"]}]},{"@type":"ImageObject","inLanguage":"de","@id":"https:\/\/myclubgroup.com\/custom-elite-teamwear-kit\/#primaryimage","url":"https:\/\/myclubgroup.com\/wp-content\/uploads\/2024\/12\/Hero-home-01.jpg","contentUrl":"https:\/\/myclubgroup.com\/wp-content\/uploads\/2024\/12\/Hero-home-01.jpg","width":1920,"height":1080,"caption":"Four soccer players sit in a locker room. One holds a ball and wears headphones, while the others look ahead. Sports gear hangs in the background."},{"@type":"BreadcrumbList","@id":"https:\/\/myclubgroup.com\/custom-elite-teamwear-kit\/#breadcrumb","itemListElement":[{"@type":"ListItem","position":1,"name":"Home","item":"https:\/\/myclubgroup.com\/"},{"@type":"ListItem","position":2,"name":"Elite Training Kit"}]},{"@type":"WebSite","@id":"https:\/\/myclubgroup.com\/#website","url":"https:\/\/myclubgroup.com\/","name":"MY CLUB GROUP","description":"Hochwertige ma\u00dfgeschneiderte Sportbekleidung","publisher":{"@id":"https:\/\/myclubgroup.com\/#organization"},"potentialAction":[{"@type":"SearchAction","target":{"@type":"EntryPoint","urlTemplate":"https:\/\/myclubgroup.com\/?s={search_term_string}"},"query-input":{"@type":"PropertyValueSpecification","valueRequired":true,"valueName":"search_term_string"}}],"inLanguage":"de"},{"@type":"Organization","@id":"https:\/\/myclubgroup.com\/#organization","name":"MY CLUB GROUP","alternateName":"My Club","url":"https:\/\/myclubgroup.com\/","logo":{"@type":"ImageObject","inLanguage":"de","@id":"https:\/\/myclubgroup.com\/#\/schema\/logo\/image\/","url":"https:\/\/myclubgroup.com\/wp-content\/uploads\/2025\/02\/cropped-Favicon-blue-a.png","contentUrl":"https:\/\/myclubgroup.com\/wp-content\/uploads\/2025\/02\/cropped-Favicon-blue-a.png","width":512,"height":512,"caption":"My Club Group"},"image":{"@id":"https:\/\/myclubgroup.com\/#\/schema\/logo\/image\/"},"sameAs":["https:\/\/www.facebook.com\/MyClubUK\/","https:\/\/x.com\/myclubgroup","https:\/\/uk.linkedin.com\/company\/my-club-group-limited","https:\/\/www.instagram.com\/myclubgroup\/"],"description":"Bei My Club sind wir mehr als nur ein Anbieter von ma\u00dfgeschneiderten Sportbekleidungen \u2013 wir sind Ihr engagierter Partner, der Ihnen dabei hilft, die sportlichen Tr\u00e4ume Ihres Teams zu verwirklichen. Unsere Reise begann mit einer gemeinsamen Liebe zum Sport und dem Engagement, Gemeinschaften zu unterst\u00fctzen.","email":"customerservices@myclubgroup.com","telephone":"01883772929","legalName":"My Club Europe PLC","numberOfEmployees":{"@type":"QuantitativeValue","minValue":"11","maxValue":"50"},"publishingPrinciples":"https:\/\/myclubgroup.com\/terms-conditions\/","ownershipFundingInfo":"https:\/\/myclubgroup.com\/about-us\/","actionableFeedbackPolicy":"https:\/\/myclubgroup.com\/terms-conditions\/","correctionsPolicy":"https:\/\/myclubgroup.com\/terms-conditions\/","ethicsPolicy":"https:\/\/myclubgroup.com\/anti-slavery-policy\/","diversityPolicy":"https:\/\/myclubgroup.com\/anti-slavery-policy\/","diversityStaffingReport":"https:\/\/myclubgroup.com\/anti-slavery-policy\/"}]}},"_links":{"self":[{"href":"https:\/\/myclubgroup.com\/de\/wp-json\/wp\/v2\/pages\/850074","targetHints":{"allow":["GET"]}}],"collection":[{"href":"https:\/\/myclubgroup.com\/de\/wp-json\/wp\/v2\/pages"}],"about":[{"href":"https:\/\/myclubgroup.com\/de\/wp-json\/wp\/v2\/types\/page"}],"author":[{"embeddable":true,"href":"https:\/\/myclubgroup.com\/de\/wp-json\/wp\/v2\/users\/8"}],"replies":[{"embeddable":true,"href":"https:\/\/myclubgroup.com\/de\/wp-json\/wp\/v2\/comments?post=850074"}],"version-history":[{"count":0,"href":"https:\/\/myclubgroup.com\/de\/wp-json\/wp\/v2\/pages\/850074\/revisions"}],"wp:featuredmedia":[{"embeddable":true,"href":"https:\/\/myclubgroup.com\/de\/wp-json\/wp\/v2\/media\/840419"}],"wp:attachment":[{"href":"https:\/\/myclubgroup.com\/de\/wp-json\/wp\/v2\/media?parent=850074"}],"curies":[{"name":"wp","href":"https:\/\/api.w.org\/{rel}","templated":true}]}}