{"id":840381,"date":"2024-12-01T12:14:05","date_gmt":"2024-12-01T12:14:05","guid":{"rendered":"https:\/\/myclubgroup.co.uk\/?page_id=840381"},"modified":"2025-09-30T08:27:29","modified_gmt":"2025-09-30T08:27:29","slug":"condiciones","status":"publish","type":"page","link":"https:\/\/myclubgroup.com\/es\/terms-conditions\/","title":{"rendered":"Condiciones generales"},"content":{"rendered":"<p><strong>Pre\u00e1mbulo: Competencia y aplicaci\u00f3n del Derecho imperativo<\/strong><\/p>\n\n\n\n<p>El presente documento de T\u00e9rminos y Condiciones de Venta (los \"T\u00e9rminos\") regula el suministro de prendas de vestir a medida y personalizadas por parte de My Club Group Ltd y\/o My Club Europe PLC (la \"Empresa\") a clientes del Reino Unido y la Uni\u00f3n Europea.<\/p>\n\n\n\n<p>La estrategia principal para armonizar estas Condiciones en las distintas jurisdicciones jur\u00eddicas se basa en la coherencia fundamental de las leyes de protecci\u00f3n de los consumidores relativas a la venta a distancia de productos personalizados. En concreto, el modelo de negocio de la Empresa aprovecha la excepci\u00f3n al derecho legal de desistimiento (el periodo de \"reflexi\u00f3n\") codificado tanto en la legislaci\u00f3n del Reino Unido como en la de la UE.<\/p>\n\n\n\n<p>Sin embargo, reconociendo que la legislaci\u00f3n obligatoria de protecci\u00f3n de los consumidores (<em>ius cogens<\/em>) remains paramount, the specific consumer rights defined herein\u2014particularly regarding the legal guarantee for faulty goods\u2014are determined by the customer\u2019s country of residence, pursuant to principles derived from the EU Rome I Regulation on the law applicable to contractual obligations. Where the provisions detailed in Section 1 offer a more favourable mandatory right to the consumer than the general commercial clauses (Sections 2\u201314), the country-specific provision shall prevail.<\/p>\n\n\n\n<p>El siguiente an\u00e1lisis detalla el entorno jur\u00eddico obligatorio para las principales jurisdicciones operativas antes de presentar las condiciones comerciales armonizadas.<\/p>\n\n\n\n<p><\/p>","protected":false},"excerpt":{"rendered":"<p>Preamble: Jurisdiction and Application of Mandatory Law This Terms and Conditions of Sale document (the \"Terms\") governs the supply of bespoke, custom-made apparel by My Club Group Ltd and\/or My Club Europe PLC (the \"Company\") to customers in the United Kingdom and the European Union. The primary strategy for harmonizing these Terms across distinct legal [&hellip;]<\/p>\n","protected":false},"author":4,"featured_media":839130,"parent":0,"menu_order":0,"comment_status":"closed","ping_status":"closed","template":"","meta":{"_acf_changed":false,"footnotes":""},"class_list":["post-840381","page","type-page","status-publish","has-post-thumbnail","hentry"],"acf":[],"yoast_head":"<!-- This site is optimized with the Yoast SEO Premium plugin v27.5 (Yoast SEO v27.5) - https:\/\/yoast.com\/product\/yoast-seo-premium-wordpress\/ -->\n<title>Terms &amp; Conditions- My Club<\/title>\n<meta name=\"description\" content=\"Please read these Terms &amp; Conditions carefully and ensure that you understand them before ordering any Services from Our Site.\" \/>\n<meta name=\"robots\" content=\"index, follow, max-snippet:-1, max-image-preview:large, max-video-preview:-1\" \/>\n<link rel=\"canonical\" href=\"https:\/\/myclubgroup.com\/es\/condiciones\/\" \/>\n<meta property=\"og:locale\" content=\"es_ES\" \/>\n<meta property=\"og:type\" content=\"article\" \/>\n<meta property=\"og:title\" content=\"My Club Group\" \/>\n<meta property=\"og:description\" content=\"Please read these Terms &amp; Conditions carefully and ensure that you understand them before ordering any Services from Our Site.\" \/>\n<meta property=\"og:url\" content=\"https:\/\/myclubgroup.com\/es\/condiciones\/\" \/>\n<meta property=\"og:site_name\" content=\"My Club Group\" \/>\n<meta property=\"article:publisher\" content=\"https:\/\/www.facebook.com\/MyClubUK\/\" \/>\n<meta property=\"article:modified_time\" content=\"2025-09-30T08:27:29+00:00\" \/>\n<meta property=\"og:image\" content=\"https:\/\/myclubgroup.com\/wp-content\/uploads\/2024\/11\/products02b.jpg\" \/>\n\t<meta property=\"og:image:width\" content=\"750\" \/>\n\t<meta property=\"og:image:height\" content=\"545\" \/>\n\t<meta property=\"og:image:type\" content=\"image\/jpeg\" \/>\n<meta name=\"twitter:card\" content=\"summary_large_image\" \/>\n<meta name=\"twitter:site\" content=\"@myclubgroup\" \/>\n<meta name=\"twitter:label1\" content=\"Est. reading time\" \/>\n\t<meta name=\"twitter:data1\" content=\"24 minutos\" \/>\n<script type=\"application\/ld+json\" class=\"yoast-schema-graph\">{\"@context\":\"https:\\\/\\\/schema.org\",\"@graph\":[{\"@type\":\"WebPage\",\"@id\":\"https:\\\/\\\/myclubgroup.com\\\/terms-conditions\\\/\",\"url\":\"https:\\\/\\\/myclubgroup.com\\\/terms-conditions\\\/\",\"name\":\"Terms & Conditions- My Club\",\"isPartOf\":{\"@id\":\"https:\\\/\\\/myclubgroup.com\\\/#website\"},\"primaryImageOfPage\":{\"@id\":\"https:\\\/\\\/myclubgroup.com\\\/terms-conditions\\\/#primaryimage\"},\"image\":{\"@id\":\"https:\\\/\\\/myclubgroup.com\\\/terms-conditions\\\/#primaryimage\"},\"thumbnailUrl\":\"https:\\\/\\\/myclubgroup.com\\\/wp-content\\\/uploads\\\/2024\\\/11\\\/products02b.jpg\",\"datePublished\":\"2024-12-01T12:14:05+00:00\",\"dateModified\":\"2025-09-30T08:27:29+00:00\",\"description\":\"Please read these Terms & Conditions carefully and ensure that you understand them before ordering any Services from Our Site.\",\"breadcrumb\":{\"@id\":\"https:\\\/\\\/myclubgroup.com\\\/terms-conditions\\\/#breadcrumb\"},\"inLanguage\":\"es\",\"potentialAction\":[{\"@type\":\"ReadAction\",\"target\":[\"https:\\\/\\\/myclubgroup.com\\\/terms-conditions\\\/\"]}]},{\"@type\":\"ImageObject\",\"inLanguage\":\"es\",\"@id\":\"https:\\\/\\\/myclubgroup.com\\\/terms-conditions\\\/#primaryimage\",\"url\":\"https:\\\/\\\/myclubgroup.com\\\/wp-content\\\/uploads\\\/2024\\\/11\\\/products02b.jpg\",\"contentUrl\":\"https:\\\/\\\/myclubgroup.com\\\/wp-content\\\/uploads\\\/2024\\\/11\\\/products02b.jpg\",\"width\":750,\"height\":545,\"caption\":\"A man wearing glasses carefully sews together red and white fabric at a table, surrounded by custom football kits on mannequins labelled MY CLUB. Sewing tools and fabric pieces are scattered on the kit designer's table.\"},{\"@type\":\"BreadcrumbList\",\"@id\":\"https:\\\/\\\/myclubgroup.com\\\/terms-conditions\\\/#breadcrumb\",\"itemListElement\":[{\"@type\":\"ListItem\",\"position\":1,\"name\":\"Home\",\"item\":\"https:\\\/\\\/myclubgroup.com\\\/\"},{\"@type\":\"ListItem\",\"position\":2,\"name\":\"Terms &amp; Conditions\"}]},{\"@type\":\"WebSite\",\"@id\":\"https:\\\/\\\/myclubgroup.com\\\/#website\",\"url\":\"https:\\\/\\\/myclubgroup.com\\\/\",\"name\":\"My Club Group\",\"description\":\"Quality Custom Sports Kits\",\"publisher\":{\"@id\":\"https:\\\/\\\/myclubgroup.com\\\/#organization\"},\"potentialAction\":[{\"@type\":\"SearchAction\",\"target\":{\"@type\":\"EntryPoint\",\"urlTemplate\":\"https:\\\/\\\/myclubgroup.com\\\/?s={search_term_string}\"},\"query-input\":{\"@type\":\"PropertyValueSpecification\",\"valueRequired\":true,\"valueName\":\"search_term_string\"}}],\"inLanguage\":\"es\"},{\"@type\":\"Organization\",\"@id\":\"https:\\\/\\\/myclubgroup.com\\\/#organization\",\"name\":\"My Club Group\",\"alternateName\":\"My Club\",\"url\":\"https:\\\/\\\/myclubgroup.com\\\/\",\"logo\":{\"@type\":\"ImageObject\",\"inLanguage\":\"es\",\"@id\":\"https:\\\/\\\/myclubgroup.com\\\/#\\\/schema\\\/logo\\\/image\\\/\",\"url\":\"https:\\\/\\\/myclubgroup.com\\\/wp-content\\\/uploads\\\/2025\\\/02\\\/cropped-Favicon-blue-a.png\",\"contentUrl\":\"https:\\\/\\\/myclubgroup.com\\\/wp-content\\\/uploads\\\/2025\\\/02\\\/cropped-Favicon-blue-a.png\",\"width\":512,\"height\":512,\"caption\":\"My Club Group\"},\"image\":{\"@id\":\"https:\\\/\\\/myclubgroup.com\\\/#\\\/schema\\\/logo\\\/image\\\/\"},\"sameAs\":[\"https:\\\/\\\/www.facebook.com\\\/MyClubUK\\\/\",\"https:\\\/\\\/x.com\\\/myclubgroup\",\"https:\\\/\\\/uk.linkedin.com\\\/company\\\/my-club-group-limited\",\"https:\\\/\\\/www.instagram.com\\\/myclubgroup\\\/\"],\"description\":\"At My Club, we\u2019re more than just a custom sports kits provider; we\u2019re your dedicated partners in achieving your team\u2019s sporting dreams. Our journey began with a shared love for sports and a commitment to supporting communities.\",\"email\":\"customerservices@myclubgroup.com\",\"telephone\":\"01883772929\",\"legalName\":\"My Club Europe PLC\",\"numberOfEmployees\":{\"@type\":\"QuantitativeValue\",\"minValue\":\"11\",\"maxValue\":\"50\"},\"publishingPrinciples\":\"https:\\\/\\\/myclubgroup.com\\\/terms-conditions\\\/\",\"ownershipFundingInfo\":\"https:\\\/\\\/myclubgroup.com\\\/about-us\\\/\",\"actionableFeedbackPolicy\":\"https:\\\/\\\/myclubgroup.com\\\/terms-conditions\\\/\",\"correctionsPolicy\":\"https:\\\/\\\/myclubgroup.com\\\/terms-conditions\\\/\",\"ethicsPolicy\":\"https:\\\/\\\/myclubgroup.com\\\/anti-slavery-policy\\\/\",\"diversityPolicy\":\"https:\\\/\\\/myclubgroup.com\\\/anti-slavery-policy\\\/\",\"diversityStaffingReport\":\"https:\\\/\\\/myclubgroup.com\\\/anti-slavery-policy\\\/\"}]}<\/script>\n<!-- \/ Yoast SEO Premium plugin. -->","yoast_head_json":{"title":"Condiciones generales - Mi club","description":"Le rogamos que lea detenidamente estas Condiciones Generales y se asegure de que las comprende antes de solicitar cualquier Servicio en Nuestro Sitio.","robots":{"index":"index","follow":"follow","max-snippet":"max-snippet:-1","max-image-preview":"max-image-preview:large","max-video-preview":"max-video-preview:-1"},"canonical":"https:\/\/myclubgroup.com\/es\/condiciones\/","og_locale":"es_ES","og_type":"article","og_title":"My Club Group","og_description":"Please read these Terms & Conditions carefully and ensure that you understand them before ordering any Services from Our Site.","og_url":"https:\/\/myclubgroup.com\/es\/condiciones\/","og_site_name":"My Club Group","article_publisher":"https:\/\/www.facebook.com\/MyClubUK\/","article_modified_time":"2025-09-30T08:27:29+00:00","og_image":[{"width":750,"height":545,"url":"https:\/\/myclubgroup.com\/wp-content\/uploads\/2024\/11\/products02b.jpg","type":"image\/jpeg"}],"twitter_card":"summary_large_image","twitter_site":"@myclubgroup","twitter_misc":{"Est. reading time":"24 minutos"},"schema":{"@context":"https:\/\/schema.org","@graph":[{"@type":"WebPage","@id":"https:\/\/myclubgroup.com\/terms-conditions\/","url":"https:\/\/myclubgroup.com\/terms-conditions\/","name":"Condiciones generales - Mi club","isPartOf":{"@id":"https:\/\/myclubgroup.com\/#website"},"primaryImageOfPage":{"@id":"https:\/\/myclubgroup.com\/terms-conditions\/#primaryimage"},"image":{"@id":"https:\/\/myclubgroup.com\/terms-conditions\/#primaryimage"},"thumbnailUrl":"https:\/\/myclubgroup.com\/wp-content\/uploads\/2024\/11\/products02b.jpg","datePublished":"2024-12-01T12:14:05+00:00","dateModified":"2025-09-30T08:27:29+00:00","description":"Le rogamos que lea detenidamente estas Condiciones Generales y se asegure de que las comprende antes de solicitar cualquier Servicio en Nuestro Sitio.","breadcrumb":{"@id":"https:\/\/myclubgroup.com\/terms-conditions\/#breadcrumb"},"inLanguage":"es","potentialAction":[{"@type":"ReadAction","target":["https:\/\/myclubgroup.com\/terms-conditions\/"]}]},{"@type":"ImageObject","inLanguage":"es","@id":"https:\/\/myclubgroup.com\/terms-conditions\/#primaryimage","url":"https:\/\/myclubgroup.com\/wp-content\/uploads\/2024\/11\/products02b.jpg","contentUrl":"https:\/\/myclubgroup.com\/wp-content\/uploads\/2024\/11\/products02b.jpg","width":750,"height":545,"caption":"A man wearing glasses carefully sews together red and white fabric at a table, surrounded by custom football kits on mannequins labelled MY CLUB. Sewing tools and fabric pieces are scattered on the kit designer's table."},{"@type":"BreadcrumbList","@id":"https:\/\/myclubgroup.com\/terms-conditions\/#breadcrumb","itemListElement":[{"@type":"ListItem","position":1,"name":"Home","item":"https:\/\/myclubgroup.com\/"},{"@type":"ListItem","position":2,"name":"Terms &amp; Conditions"}]},{"@type":"WebSite","@id":"https:\/\/myclubgroup.com\/#website","url":"https:\/\/myclubgroup.com\/","name":"MY CLUB GROUP","description":"Equipaciones deportivas personalizadas de calidad","publisher":{"@id":"https:\/\/myclubgroup.com\/#organization"},"potentialAction":[{"@type":"SearchAction","target":{"@type":"EntryPoint","urlTemplate":"https:\/\/myclubgroup.com\/?s={search_term_string}"},"query-input":{"@type":"PropertyValueSpecification","valueRequired":true,"valueName":"search_term_string"}}],"inLanguage":"es"},{"@type":"Organization","@id":"https:\/\/myclubgroup.com\/#organization","name":"MY CLUB GROUP","alternateName":"My Club","url":"https:\/\/myclubgroup.com\/","logo":{"@type":"ImageObject","inLanguage":"es","@id":"https:\/\/myclubgroup.com\/#\/schema\/logo\/image\/","url":"https:\/\/myclubgroup.com\/wp-content\/uploads\/2025\/02\/cropped-Favicon-blue-a.png","contentUrl":"https:\/\/myclubgroup.com\/wp-content\/uploads\/2025\/02\/cropped-Favicon-blue-a.png","width":512,"height":512,"caption":"My Club Group"},"image":{"@id":"https:\/\/myclubgroup.com\/#\/schema\/logo\/image\/"},"sameAs":["https:\/\/www.facebook.com\/MyClubUK\/","https:\/\/x.com\/myclubgroup","https:\/\/uk.linkedin.com\/company\/my-club-group-limited","https:\/\/www.instagram.com\/myclubgroup\/"],"description":"En My Club, somos m\u00e1s que un simple proveedor de equipaciones deportivas personalizadas; somos tus socios dedicados a hacer realidad los sue\u00f1os deportivos de tu equipo. Nuestra andadura comenz\u00f3 con un amor compartido por los deportes y un compromiso con el apoyo a las comunidades.","email":"customerservices@myclubgroup.com","telephone":"01883772929","legalName":"My Club Europe PLC","numberOfEmployees":{"@type":"QuantitativeValue","minValue":"11","maxValue":"50"},"publishingPrinciples":"https:\/\/myclubgroup.com\/terms-conditions\/","ownershipFundingInfo":"https:\/\/myclubgroup.com\/about-us\/","actionableFeedbackPolicy":"https:\/\/myclubgroup.com\/terms-conditions\/","correctionsPolicy":"https:\/\/myclubgroup.com\/terms-conditions\/","ethicsPolicy":"https:\/\/myclubgroup.com\/anti-slavery-policy\/","diversityPolicy":"https:\/\/myclubgroup.com\/anti-slavery-policy\/","diversityStaffingReport":"https:\/\/myclubgroup.com\/anti-slavery-policy\/"}]}},"_links":{"self":[{"href":"https:\/\/myclubgroup.com\/es\/wp-json\/wp\/v2\/pages\/840381","targetHints":{"allow":["GET"]}}],"collection":[{"href":"https:\/\/myclubgroup.com\/es\/wp-json\/wp\/v2\/pages"}],"about":[{"href":"https:\/\/myclubgroup.com\/es\/wp-json\/wp\/v2\/types\/page"}],"author":[{"embeddable":true,"href":"https:\/\/myclubgroup.com\/es\/wp-json\/wp\/v2\/users\/4"}],"replies":[{"embeddable":true,"href":"https:\/\/myclubgroup.com\/es\/wp-json\/wp\/v2\/comments?post=840381"}],"version-history":[{"count":0,"href":"https:\/\/myclubgroup.com\/es\/wp-json\/wp\/v2\/pages\/840381\/revisions"}],"wp:featuredmedia":[{"embeddable":true,"href":"https:\/\/myclubgroup.com\/es\/wp-json\/wp\/v2\/media\/839130"}],"wp:attachment":[{"href":"https:\/\/myclubgroup.com\/es\/wp-json\/wp\/v2\/media?parent=840381"}],"curies":[{"name":"wp","href":"https:\/\/api.w.org\/{rel}","templated":true}]}}