{"id":3434,"date":"2024-10-25T14:19:18","date_gmt":"2024-10-25T14:19:18","guid":{"rendered":"https:\/\/myclubgroup.co.uk\/?page_id=3434"},"modified":"2026-03-03T12:01:32","modified_gmt":"2026-03-03T12:01:32","slug":"kit-lgbtqi-personnalise","status":"publish","type":"page","link":"https:\/\/myclubgroup.com\/fr\/custom-lgbtqi-kit\/","title":{"rendered":"Kit LGBTQI+ personnalis\u00e9"},"content":{"rendered":"","protected":false},"excerpt":{"rendered":"","protected":false},"author":2,"featured_media":840851,"parent":0,"menu_order":0,"comment_status":"closed","ping_status":"closed","template":"","meta":{"_acf_changed":true,"footnotes":""},"class_list":["post-3434","page","type-page","status-publish","has-post-thumbnail","hentry"],"acf":[],"yoast_head":"<!-- This site is optimized with the Yoast SEO Premium plugin v27.4 (Yoast SEO v27.4) - https:\/\/yoast.com\/product\/yoast-seo-premium-wordpress\/ -->\n<title>Custom LGBTQ+ kits UK | Custom Sports Teamwear | My Club<\/title>\n<meta name=\"description\" content=\"Custom LGBTQ+ kits and custom sports teamwear. Fast delivery. All logos, names &amp; sponsors included in the price. Join 10K+ UK clubs.\" \/>\n<meta name=\"robots\" content=\"index, follow, max-snippet:-1, max-image-preview:large, max-video-preview:-1\" \/>\n<link rel=\"canonical\" href=\"https:\/\/myclubgroup.com\/fr\/kit-lgbtqi-personnalise\/\" \/>\n<meta property=\"og:locale\" content=\"fr_FR\" \/>\n<meta property=\"og:type\" content=\"article\" \/>\n<meta property=\"og:title\" content=\"My Club Group\" \/>\n<meta property=\"og:description\" content=\"Custom LGBTQ+ kits and custom sports teamwear. Fast delivery. All logos, names &amp; sponsors included in the price. Join 10K+ UK clubs.\" \/>\n<meta property=\"og:url\" content=\"https:\/\/myclubgroup.com\/fr\/kit-lgbtqi-personnalise\/\" \/>\n<meta property=\"og:site_name\" content=\"My Club Group\" \/>\n<meta property=\"article:publisher\" content=\"https:\/\/www.facebook.com\/MyClubUK\/\" \/>\n<meta property=\"article:modified_time\" content=\"2026-03-03T12:01:32+00:00\" \/>\n<meta property=\"og:image\" content=\"https:\/\/myclubgroup.com\/wp-content\/uploads\/2024\/12\/Hero-LGBTQI-01.jpg\" \/>\n\t<meta property=\"og:image:width\" content=\"1920\" \/>\n\t<meta property=\"og:image:height\" content=\"1080\" \/>\n\t<meta property=\"og:image:type\" content=\"image\/jpeg\" \/>\n<meta name=\"twitter:card\" content=\"summary_large_image\" \/>\n<meta name=\"twitter:site\" content=\"@myclubgroup\" \/>\n<meta name=\"twitter:label1\" content=\"Est. reading time\" \/>\n\t<meta name=\"twitter:data1\" content=\"10 minutes\" \/>\n<script type=\"application\/ld+json\" class=\"yoast-schema-graph\">{\"@context\":\"https:\\\/\\\/schema.org\",\"@graph\":[{\"@type\":\"WebPage\",\"@id\":\"https:\\\/\\\/myclubgroup.com\\\/custom-lgbtqi-kit\\\/\",\"url\":\"https:\\\/\\\/myclubgroup.com\\\/custom-lgbtqi-kit\\\/\",\"name\":\"Custom LGBTQ+ kits UK | Custom Sports Teamwear | My Club\",\"isPartOf\":{\"@id\":\"https:\\\/\\\/myclubgroup.com\\\/#website\"},\"primaryImageOfPage\":{\"@id\":\"https:\\\/\\\/myclubgroup.com\\\/custom-lgbtqi-kit\\\/#primaryimage\"},\"image\":{\"@id\":\"https:\\\/\\\/myclubgroup.com\\\/custom-lgbtqi-kit\\\/#primaryimage\"},\"thumbnailUrl\":\"https:\\\/\\\/myclubgroup.com\\\/wp-content\\\/uploads\\\/2024\\\/12\\\/Hero-LGBTQI-01.jpg\",\"datePublished\":\"2024-10-25T14:19:18+00:00\",\"dateModified\":\"2026-03-03T12:01:32+00:00\",\"description\":\"Custom LGBTQ+ kits and custom sports teamwear. Fast delivery. All logos, names & sponsors included in the price. Join 10K+ UK clubs.\",\"breadcrumb\":{\"@id\":\"https:\\\/\\\/myclubgroup.com\\\/custom-lgbtqi-kit\\\/#breadcrumb\"},\"inLanguage\":\"fr-FR\",\"potentialAction\":[{\"@type\":\"ReadAction\",\"target\":[\"https:\\\/\\\/myclubgroup.com\\\/custom-lgbtqi-kit\\\/\"]}]},{\"@type\":\"ImageObject\",\"inLanguage\":\"fr-FR\",\"@id\":\"https:\\\/\\\/myclubgroup.com\\\/custom-lgbtqi-kit\\\/#primaryimage\",\"url\":\"https:\\\/\\\/myclubgroup.com\\\/wp-content\\\/uploads\\\/2024\\\/12\\\/Hero-LGBTQI-01.jpg\",\"contentUrl\":\"https:\\\/\\\/myclubgroup.com\\\/wp-content\\\/uploads\\\/2024\\\/12\\\/Hero-LGBTQI-01.jpg\",\"width\":1920,\"height\":1080,\"caption\":\"LGBTQI\"},{\"@type\":\"BreadcrumbList\",\"@id\":\"https:\\\/\\\/myclubgroup.com\\\/custom-lgbtqi-kit\\\/#breadcrumb\",\"itemListElement\":[{\"@type\":\"ListItem\",\"position\":1,\"name\":\"Home\",\"item\":\"https:\\\/\\\/myclubgroup.com\\\/\"},{\"@type\":\"ListItem\",\"position\":2,\"name\":\"Custom LGBTQI+ Kit\"}]},{\"@type\":\"WebSite\",\"@id\":\"https:\\\/\\\/myclubgroup.com\\\/#website\",\"url\":\"https:\\\/\\\/myclubgroup.com\\\/\",\"name\":\"My Club Group\",\"description\":\"Quality Custom Sports Kits\",\"publisher\":{\"@id\":\"https:\\\/\\\/myclubgroup.com\\\/#organization\"},\"potentialAction\":[{\"@type\":\"SearchAction\",\"target\":{\"@type\":\"EntryPoint\",\"urlTemplate\":\"https:\\\/\\\/myclubgroup.com\\\/?s={search_term_string}\"},\"query-input\":{\"@type\":\"PropertyValueSpecification\",\"valueRequired\":true,\"valueName\":\"search_term_string\"}}],\"inLanguage\":\"fr-FR\"},{\"@type\":\"Organization\",\"@id\":\"https:\\\/\\\/myclubgroup.com\\\/#organization\",\"name\":\"My Club Group\",\"alternateName\":\"My Club\",\"url\":\"https:\\\/\\\/myclubgroup.com\\\/\",\"logo\":{\"@type\":\"ImageObject\",\"inLanguage\":\"fr-FR\",\"@id\":\"https:\\\/\\\/myclubgroup.com\\\/#\\\/schema\\\/logo\\\/image\\\/\",\"url\":\"https:\\\/\\\/myclubgroup.com\\\/wp-content\\\/uploads\\\/2025\\\/02\\\/cropped-Favicon-blue-a.png\",\"contentUrl\":\"https:\\\/\\\/myclubgroup.com\\\/wp-content\\\/uploads\\\/2025\\\/02\\\/cropped-Favicon-blue-a.png\",\"width\":512,\"height\":512,\"caption\":\"My Club Group\"},\"image\":{\"@id\":\"https:\\\/\\\/myclubgroup.com\\\/#\\\/schema\\\/logo\\\/image\\\/\"},\"sameAs\":[\"https:\\\/\\\/www.facebook.com\\\/MyClubUK\\\/\",\"https:\\\/\\\/x.com\\\/myclubgroup\",\"https:\\\/\\\/uk.linkedin.com\\\/company\\\/my-club-group-limited\",\"https:\\\/\\\/www.instagram.com\\\/myclubgroup\\\/\"],\"description\":\"At My Club, we\u2019re more than just a custom sports kits provider; we\u2019re your dedicated partners in achieving your team\u2019s sporting dreams. Our journey began with a shared love for sports and a commitment to supporting communities.\",\"email\":\"customerservices@myclubgroup.com\",\"telephone\":\"01883772929\",\"legalName\":\"My Club Europe PLC\",\"numberOfEmployees\":{\"@type\":\"QuantitativeValue\",\"minValue\":\"11\",\"maxValue\":\"50\"},\"publishingPrinciples\":\"https:\\\/\\\/myclubgroup.com\\\/terms-conditions\\\/\",\"ownershipFundingInfo\":\"https:\\\/\\\/myclubgroup.com\\\/about-us\\\/\",\"actionableFeedbackPolicy\":\"https:\\\/\\\/myclubgroup.com\\\/terms-conditions\\\/\",\"correctionsPolicy\":\"https:\\\/\\\/myclubgroup.com\\\/terms-conditions\\\/\",\"ethicsPolicy\":\"https:\\\/\\\/myclubgroup.com\\\/anti-slavery-policy\\\/\",\"diversityPolicy\":\"https:\\\/\\\/myclubgroup.com\\\/anti-slavery-policy\\\/\",\"diversityStaffingReport\":\"https:\\\/\\\/myclubgroup.com\\\/anti-slavery-policy\\\/\"}]}<\/script>\n<!-- \/ Yoast SEO Premium plugin. -->","yoast_head_json":{"title":"Kits LGBTQ+ personnalis\u00e9s | V\u00eatements de sport personnalis\u00e9s | Mon Club","description":"Kits LGBTQ+ personnalis\u00e9s et v\u00eatements d'\u00e9quipe de sport personnalis\u00e9s. Livraison rapide. Tous les logos, noms et sponsors sont inclus dans le prix. Rejoignez plus de 10 000 clubs.","robots":{"index":"index","follow":"follow","max-snippet":"max-snippet:-1","max-image-preview":"max-image-preview:large","max-video-preview":"max-video-preview:-1"},"canonical":"https:\/\/myclubgroup.com\/fr\/kit-lgbtqi-personnalise\/","og_locale":"fr_FR","og_type":"article","og_title":"My Club Group","og_description":"Custom LGBTQ+ kits and custom sports teamwear. Fast delivery. All logos, names & sponsors included in the price. Join 10K+ UK clubs.","og_url":"https:\/\/myclubgroup.com\/fr\/kit-lgbtqi-personnalise\/","og_site_name":"My Club Group","article_publisher":"https:\/\/www.facebook.com\/MyClubUK\/","article_modified_time":"2026-03-03T12:01:32+00:00","og_image":[{"width":1920,"height":1080,"url":"https:\/\/myclubgroup.com\/wp-content\/uploads\/2024\/12\/Hero-LGBTQI-01.jpg","type":"image\/jpeg"}],"twitter_card":"summary_large_image","twitter_site":"@myclubgroup","twitter_misc":{"Est. reading time":"10 minutes"},"schema":{"@context":"https:\/\/schema.org","@graph":[{"@type":"WebPage","@id":"https:\/\/myclubgroup.com\/custom-lgbtqi-kit\/","url":"https:\/\/myclubgroup.com\/custom-lgbtqi-kit\/","name":"Kits LGBTQ+ personnalis\u00e9s | V\u00eatements de sport personnalis\u00e9s | Mon Club","isPartOf":{"@id":"https:\/\/myclubgroup.com\/#website"},"primaryImageOfPage":{"@id":"https:\/\/myclubgroup.com\/custom-lgbtqi-kit\/#primaryimage"},"image":{"@id":"https:\/\/myclubgroup.com\/custom-lgbtqi-kit\/#primaryimage"},"thumbnailUrl":"https:\/\/myclubgroup.com\/wp-content\/uploads\/2024\/12\/Hero-LGBTQI-01.jpg","datePublished":"2024-10-25T14:19:18+00:00","dateModified":"2026-03-03T12:01:32+00:00","description":"Kits LGBTQ+ personnalis\u00e9s et v\u00eatements d'\u00e9quipe de sport personnalis\u00e9s. Livraison rapide. Tous les logos, noms et sponsors sont inclus dans le prix. Rejoignez plus de 10 000 clubs.","breadcrumb":{"@id":"https:\/\/myclubgroup.com\/custom-lgbtqi-kit\/#breadcrumb"},"inLanguage":"fr-FR","potentialAction":[{"@type":"ReadAction","target":["https:\/\/myclubgroup.com\/custom-lgbtqi-kit\/"]}]},{"@type":"ImageObject","inLanguage":"fr-FR","@id":"https:\/\/myclubgroup.com\/custom-lgbtqi-kit\/#primaryimage","url":"https:\/\/myclubgroup.com\/wp-content\/uploads\/2024\/12\/Hero-LGBTQI-01.jpg","contentUrl":"https:\/\/myclubgroup.com\/wp-content\/uploads\/2024\/12\/Hero-LGBTQI-01.jpg","width":1920,"height":1080,"caption":"LGBTQI"},{"@type":"BreadcrumbList","@id":"https:\/\/myclubgroup.com\/custom-lgbtqi-kit\/#breadcrumb","itemListElement":[{"@type":"ListItem","position":1,"name":"Home","item":"https:\/\/myclubgroup.com\/"},{"@type":"ListItem","position":2,"name":"Custom LGBTQI+ Kit"}]},{"@type":"WebSite","@id":"https:\/\/myclubgroup.com\/#website","url":"https:\/\/myclubgroup.com\/","name":"MY CLUB GROUP","description":"\u00c9quipements sportifs personnalis\u00e9s de qualit\u00e9","publisher":{"@id":"https:\/\/myclubgroup.com\/#organization"},"potentialAction":[{"@type":"SearchAction","target":{"@type":"EntryPoint","urlTemplate":"https:\/\/myclubgroup.com\/?s={search_term_string}"},"query-input":{"@type":"PropertyValueSpecification","valueRequired":true,"valueName":"search_term_string"}}],"inLanguage":"fr-FR"},{"@type":"Organization","@id":"https:\/\/myclubgroup.com\/#organization","name":"MY CLUB GROUP","alternateName":"My Club","url":"https:\/\/myclubgroup.com\/","logo":{"@type":"ImageObject","inLanguage":"fr-FR","@id":"https:\/\/myclubgroup.com\/#\/schema\/logo\/image\/","url":"https:\/\/myclubgroup.com\/wp-content\/uploads\/2025\/02\/cropped-Favicon-blue-a.png","contentUrl":"https:\/\/myclubgroup.com\/wp-content\/uploads\/2025\/02\/cropped-Favicon-blue-a.png","width":512,"height":512,"caption":"My Club Group"},"image":{"@id":"https:\/\/myclubgroup.com\/#\/schema\/logo\/image\/"},"sameAs":["https:\/\/www.facebook.com\/MyClubUK\/","https:\/\/x.com\/myclubgroup","https:\/\/uk.linkedin.com\/company\/my-club-group-limited","https:\/\/www.instagram.com\/myclubgroup\/"],"description":"Chez My Club, nous sommes bien plus qu'un simple fournisseur d'\u00e9quipements sportifs personnalis\u00e9s ; nous sommes vos partenaires d\u00e9vou\u00e9s pour r\u00e9aliser les r\u00eaves sportifs de votre \u00e9quipe. Notre aventure a commenc\u00e9 par un amour commun pour le sport et un engagement \u00e0 soutenir les communaut\u00e9s.","email":"customerservices@myclubgroup.com","telephone":"01883772929","legalName":"My Club Europe PLC","numberOfEmployees":{"@type":"QuantitativeValue","minValue":"11","maxValue":"50"},"publishingPrinciples":"https:\/\/myclubgroup.com\/terms-conditions\/","ownershipFundingInfo":"https:\/\/myclubgroup.com\/about-us\/","actionableFeedbackPolicy":"https:\/\/myclubgroup.com\/terms-conditions\/","correctionsPolicy":"https:\/\/myclubgroup.com\/terms-conditions\/","ethicsPolicy":"https:\/\/myclubgroup.com\/anti-slavery-policy\/","diversityPolicy":"https:\/\/myclubgroup.com\/anti-slavery-policy\/","diversityStaffingReport":"https:\/\/myclubgroup.com\/anti-slavery-policy\/"}]}},"_links":{"self":[{"href":"https:\/\/myclubgroup.com\/fr\/wp-json\/wp\/v2\/pages\/3434","targetHints":{"allow":["GET"]}}],"collection":[{"href":"https:\/\/myclubgroup.com\/fr\/wp-json\/wp\/v2\/pages"}],"about":[{"href":"https:\/\/myclubgroup.com\/fr\/wp-json\/wp\/v2\/types\/page"}],"author":[{"embeddable":true,"href":"https:\/\/myclubgroup.com\/fr\/wp-json\/wp\/v2\/users\/2"}],"replies":[{"embeddable":true,"href":"https:\/\/myclubgroup.com\/fr\/wp-json\/wp\/v2\/comments?post=3434"}],"version-history":[{"count":0,"href":"https:\/\/myclubgroup.com\/fr\/wp-json\/wp\/v2\/pages\/3434\/revisions"}],"wp:featuredmedia":[{"embeddable":true,"href":"https:\/\/myclubgroup.com\/fr\/wp-json\/wp\/v2\/media\/840851"}],"wp:attachment":[{"href":"https:\/\/myclubgroup.com\/fr\/wp-json\/wp\/v2\/media?parent=3434"}],"curies":[{"name":"wp","href":"https:\/\/api.w.org\/{rel}","templated":true}]}}