{"id":3514,"date":"2024-10-25T15:01:49","date_gmt":"2024-10-25T15:01:49","guid":{"rendered":"https:\/\/myclubgroup.co.uk\/?page_id=3514"},"modified":"2026-04-23T15:38:48","modified_gmt":"2026-04-23T15:38:48","slug":"myclubkit","status":"publish","type":"page","link":"https:\/\/myclubgroup.com\/fr\/myclubkit\/","title":{"rendered":"My Club Kit"},"content":{"rendered":"","protected":false},"excerpt":{"rendered":"","protected":false},"author":2,"featured_media":839124,"parent":0,"menu_order":0,"comment_status":"closed","ping_status":"closed","template":"","meta":{"_acf_changed":true,"footnotes":""},"class_list":["post-3514","page","type-page","status-publish","has-post-thumbnail","hentry"],"acf":[],"yoast_head":"<!-- This site is optimized with the Yoast SEO Premium plugin v27.4 (Yoast SEO v27.4) - https:\/\/yoast.com\/product\/yoast-seo-premium-wordpress\/ -->\n<title>Custom Sports Kits UK | Personalised Sports Kits | Custom Sportswear<\/title>\n<meta name=\"description\" content=\"My Club Group offers quality custom sports kits and teamwear in the UK at great prices. Try our interactive kit maker. Join 10K+ UK clubs.\" \/>\n<meta name=\"robots\" content=\"index, follow, max-snippet:-1, max-image-preview:large, max-video-preview:-1\" \/>\n<link rel=\"canonical\" href=\"https:\/\/myclubgroup.com\/fr\/myclubkit\/\" \/>\n<meta property=\"og:locale\" content=\"fr_FR\" \/>\n<meta property=\"og:type\" content=\"article\" \/>\n<meta property=\"og:title\" content=\"My Club Group\" \/>\n<meta property=\"og:description\" content=\"My Club Group offers quality custom sports kits and teamwear in the UK at great prices. Try our interactive kit maker. Join 10K+ UK clubs.\" \/>\n<meta property=\"og:url\" content=\"https:\/\/myclubgroup.com\/fr\/myclubkit\/\" \/>\n<meta property=\"og:site_name\" content=\"My Club Group\" \/>\n<meta property=\"article:publisher\" content=\"https:\/\/www.facebook.com\/MyClubUK\/\" \/>\n<meta property=\"article:modified_time\" content=\"2026-04-23T15:38:48+00:00\" \/>\n<meta property=\"og:image\" content=\"https:\/\/myclubgroup.com\/wp-content\/uploads\/2024\/11\/kit_women_football_calculator.jpg\" \/>\n\t<meta property=\"og:image:width\" content=\"687\" \/>\n\t<meta property=\"og:image:height\" content=\"453\" \/>\n\t<meta property=\"og:image:type\" content=\"image\/jpeg\" \/>\n<meta name=\"twitter:card\" content=\"summary_large_image\" \/>\n<meta name=\"twitter:site\" content=\"@myclubgroup\" \/>\n<meta name=\"twitter:label1\" content=\"Est. reading time\" \/>\n\t<meta name=\"twitter:data1\" content=\"10 minutes\" \/>\n<script type=\"application\/ld+json\" class=\"yoast-schema-graph\">{\"@context\":\"https:\\\/\\\/schema.org\",\"@graph\":[{\"@type\":\"WebPage\",\"@id\":\"https:\\\/\\\/myclubgroup.com\\\/es\\\/myclubkit\\\/\",\"url\":\"https:\\\/\\\/myclubgroup.com\\\/myclubkit\\\/\",\"name\":\"Custom Sports Kits UK | Personalised Sports Kits | Custom Sportswear\",\"isPartOf\":{\"@id\":\"https:\\\/\\\/myclubgroup.com\\\/#website\"},\"primaryImageOfPage\":{\"@id\":\"https:\\\/\\\/myclubgroup.com\\\/myclubkit\\\/#primaryimage\"},\"image\":{\"@id\":\"https:\\\/\\\/myclubgroup.com\\\/myclubkit\\\/#primaryimage\"},\"thumbnailUrl\":\"https:\\\/\\\/myclubgroup.com\\\/wp-content\\\/uploads\\\/2024\\\/11\\\/kit_women_football_calculator.jpg\",\"datePublished\":\"2024-10-25T15:01:49+00:00\",\"dateModified\":\"2026-04-23T15:38:48+00:00\",\"description\":\"My Club Group offers quality custom sports kits and teamwear in the UK at great prices. Try our interactive kit maker. Join 10K+ UK clubs.\",\"breadcrumb\":{\"@id\":\"https:\\\/\\\/myclubgroup.com\\\/myclubkit\\\/#breadcrumb\"},\"inLanguage\":\"fr-FR\",\"potentialAction\":[{\"@type\":\"ReadAction\",\"target\":[\"https:\\\/\\\/myclubgroup.com\\\/myclubkit\\\/\"]}]},{\"@type\":\"ImageObject\",\"inLanguage\":\"fr-FR\",\"@id\":\"https:\\\/\\\/myclubgroup.com\\\/myclubkit\\\/#primaryimage\",\"url\":\"https:\\\/\\\/myclubgroup.com\\\/wp-content\\\/uploads\\\/2024\\\/11\\\/kit_women_football_calculator.jpg\",\"contentUrl\":\"https:\\\/\\\/myclubgroup.com\\\/wp-content\\\/uploads\\\/2024\\\/11\\\/kit_women_football_calculator.jpg\",\"width\":687,\"height\":453,\"caption\":\"Screenshot\"},{\"@type\":\"BreadcrumbList\",\"@id\":\"https:\\\/\\\/myclubgroup.com\\\/myclubkit\\\/#breadcrumb\",\"itemListElement\":[{\"@type\":\"ListItem\",\"position\":1,\"name\":\"Home\",\"item\":\"https:\\\/\\\/myclubgroup.com\\\/\"},{\"@type\":\"ListItem\",\"position\":2,\"name\":\"My Club Kit\"}]},{\"@type\":\"WebSite\",\"@id\":\"https:\\\/\\\/myclubgroup.com\\\/#website\",\"url\":\"https:\\\/\\\/myclubgroup.com\\\/\",\"name\":\"My Club Group\",\"description\":\"Quality Custom Sports Kits\",\"publisher\":{\"@id\":\"https:\\\/\\\/myclubgroup.com\\\/#organization\"},\"potentialAction\":[{\"@type\":\"SearchAction\",\"target\":{\"@type\":\"EntryPoint\",\"urlTemplate\":\"https:\\\/\\\/myclubgroup.com\\\/?s={search_term_string}\"},\"query-input\":{\"@type\":\"PropertyValueSpecification\",\"valueRequired\":true,\"valueName\":\"search_term_string\"}}],\"inLanguage\":\"fr-FR\"},{\"@type\":\"Organization\",\"@id\":\"https:\\\/\\\/myclubgroup.com\\\/#organization\",\"name\":\"My Club Group\",\"alternateName\":\"My Club\",\"url\":\"https:\\\/\\\/myclubgroup.com\\\/\",\"logo\":{\"@type\":\"ImageObject\",\"inLanguage\":\"fr-FR\",\"@id\":\"https:\\\/\\\/myclubgroup.com\\\/#\\\/schema\\\/logo\\\/image\\\/\",\"url\":\"https:\\\/\\\/myclubgroup.com\\\/wp-content\\\/uploads\\\/2025\\\/02\\\/cropped-Favicon-blue-a.png\",\"contentUrl\":\"https:\\\/\\\/myclubgroup.com\\\/wp-content\\\/uploads\\\/2025\\\/02\\\/cropped-Favicon-blue-a.png\",\"width\":512,\"height\":512,\"caption\":\"My Club Group\"},\"image\":{\"@id\":\"https:\\\/\\\/myclubgroup.com\\\/#\\\/schema\\\/logo\\\/image\\\/\"},\"sameAs\":[\"https:\\\/\\\/www.facebook.com\\\/MyClubUK\\\/\",\"https:\\\/\\\/x.com\\\/myclubgroup\",\"https:\\\/\\\/uk.linkedin.com\\\/company\\\/my-club-group-limited\",\"https:\\\/\\\/www.instagram.com\\\/myclubgroup\\\/\"],\"description\":\"At My Club, we\u2019re more than just a custom sports kits provider; we\u2019re your dedicated partners in achieving your team\u2019s sporting dreams. Our journey began with a shared love for sports and a commitment to supporting communities.\",\"email\":\"customerservices@myclubgroup.com\",\"telephone\":\"01883772929\",\"legalName\":\"My Club Europe PLC\",\"numberOfEmployees\":{\"@type\":\"QuantitativeValue\",\"minValue\":\"11\",\"maxValue\":\"50\"},\"publishingPrinciples\":\"https:\\\/\\\/myclubgroup.com\\\/terms-conditions\\\/\",\"ownershipFundingInfo\":\"https:\\\/\\\/myclubgroup.com\\\/about-us\\\/\",\"actionableFeedbackPolicy\":\"https:\\\/\\\/myclubgroup.com\\\/terms-conditions\\\/\",\"correctionsPolicy\":\"https:\\\/\\\/myclubgroup.com\\\/terms-conditions\\\/\",\"ethicsPolicy\":\"https:\\\/\\\/myclubgroup.com\\\/anti-slavery-policy\\\/\",\"diversityPolicy\":\"https:\\\/\\\/myclubgroup.com\\\/anti-slavery-policy\\\/\",\"diversityStaffingReport\":\"https:\\\/\\\/myclubgroup.com\\\/anti-slavery-policy\\\/\"}]}<\/script>\n<!-- \/ Yoast SEO Premium plugin. -->","yoast_head_json":{"title":"Kit sportif personnalis\u00e9 | Kit sportif personnalis\u00e9 | V\u00eatements de sport personnalis\u00e9s","description":"My Club Group propose des kits sportifs et des v\u00eatements d'\u00e9quipe personnalis\u00e9s de qualit\u00e9, \u00e0 des prix tr\u00e8s int\u00e9ressants. Essayez notre outil interactif de cr\u00e9ation de kits. Rejoignez plus de 10 000 clubs.","robots":{"index":"index","follow":"follow","max-snippet":"max-snippet:-1","max-image-preview":"max-image-preview:large","max-video-preview":"max-video-preview:-1"},"canonical":"https:\/\/myclubgroup.com\/fr\/myclubkit\/","og_locale":"fr_FR","og_type":"article","og_title":"My Club Group","og_description":"My Club Group offers quality custom sports kits and teamwear in the UK at great prices. Try our interactive kit maker. Join 10K+ UK clubs.","og_url":"https:\/\/myclubgroup.com\/fr\/myclubkit\/","og_site_name":"My Club Group","article_publisher":"https:\/\/www.facebook.com\/MyClubUK\/","article_modified_time":"2026-04-23T15:38:48+00:00","og_image":[{"width":687,"height":453,"url":"https:\/\/myclubgroup.com\/wp-content\/uploads\/2024\/11\/kit_women_football_calculator.jpg","type":"image\/jpeg"}],"twitter_card":"summary_large_image","twitter_site":"@myclubgroup","twitter_misc":{"Est. reading time":"10 minutes"},"schema":{"@context":"https:\/\/schema.org","@graph":[{"@type":"WebPage","@id":"https:\/\/myclubgroup.com\/es\/myclubkit\/","url":"https:\/\/myclubgroup.com\/myclubkit\/","name":"Kit sportif personnalis\u00e9 | Kit sportif personnalis\u00e9 | V\u00eatements de sport personnalis\u00e9s","isPartOf":{"@id":"https:\/\/myclubgroup.com\/#website"},"primaryImageOfPage":{"@id":"https:\/\/myclubgroup.com\/myclubkit\/#primaryimage"},"image":{"@id":"https:\/\/myclubgroup.com\/myclubkit\/#primaryimage"},"thumbnailUrl":"https:\/\/myclubgroup.com\/wp-content\/uploads\/2024\/11\/kit_women_football_calculator.jpg","datePublished":"2024-10-25T15:01:49+00:00","dateModified":"2026-04-23T15:38:48+00:00","description":"My Club Group propose des kits sportifs et des v\u00eatements d'\u00e9quipe personnalis\u00e9s de qualit\u00e9, \u00e0 des prix tr\u00e8s int\u00e9ressants. Essayez notre outil interactif de cr\u00e9ation de kits. Rejoignez plus de 10 000 clubs.","breadcrumb":{"@id":"https:\/\/myclubgroup.com\/myclubkit\/#breadcrumb"},"inLanguage":"fr-FR","potentialAction":[{"@type":"ReadAction","target":["https:\/\/myclubgroup.com\/myclubkit\/"]}]},{"@type":"ImageObject","inLanguage":"fr-FR","@id":"https:\/\/myclubgroup.com\/myclubkit\/#primaryimage","url":"https:\/\/myclubgroup.com\/wp-content\/uploads\/2024\/11\/kit_women_football_calculator.jpg","contentUrl":"https:\/\/myclubgroup.com\/wp-content\/uploads\/2024\/11\/kit_women_football_calculator.jpg","width":687,"height":453,"caption":"Screenshot"},{"@type":"BreadcrumbList","@id":"https:\/\/myclubgroup.com\/myclubkit\/#breadcrumb","itemListElement":[{"@type":"ListItem","position":1,"name":"Home","item":"https:\/\/myclubgroup.com\/"},{"@type":"ListItem","position":2,"name":"My Club Kit"}]},{"@type":"WebSite","@id":"https:\/\/myclubgroup.com\/#website","url":"https:\/\/myclubgroup.com\/","name":"MY CLUB GROUP","description":"\u00c9quipements sportifs personnalis\u00e9s de qualit\u00e9","publisher":{"@id":"https:\/\/myclubgroup.com\/#organization"},"potentialAction":[{"@type":"SearchAction","target":{"@type":"EntryPoint","urlTemplate":"https:\/\/myclubgroup.com\/?s={search_term_string}"},"query-input":{"@type":"PropertyValueSpecification","valueRequired":true,"valueName":"search_term_string"}}],"inLanguage":"fr-FR"},{"@type":"Organization","@id":"https:\/\/myclubgroup.com\/#organization","name":"MY CLUB GROUP","alternateName":"My Club","url":"https:\/\/myclubgroup.com\/","logo":{"@type":"ImageObject","inLanguage":"fr-FR","@id":"https:\/\/myclubgroup.com\/#\/schema\/logo\/image\/","url":"https:\/\/myclubgroup.com\/wp-content\/uploads\/2025\/02\/cropped-Favicon-blue-a.png","contentUrl":"https:\/\/myclubgroup.com\/wp-content\/uploads\/2025\/02\/cropped-Favicon-blue-a.png","width":512,"height":512,"caption":"My Club Group"},"image":{"@id":"https:\/\/myclubgroup.com\/#\/schema\/logo\/image\/"},"sameAs":["https:\/\/www.facebook.com\/MyClubUK\/","https:\/\/x.com\/myclubgroup","https:\/\/uk.linkedin.com\/company\/my-club-group-limited","https:\/\/www.instagram.com\/myclubgroup\/"],"description":"Chez My Club, nous sommes bien plus qu'un simple fournisseur d'\u00e9quipements sportifs personnalis\u00e9s ; nous sommes vos partenaires d\u00e9vou\u00e9s pour r\u00e9aliser les r\u00eaves sportifs de votre \u00e9quipe. Notre aventure a commenc\u00e9 par un amour commun pour le sport et un engagement \u00e0 soutenir les communaut\u00e9s.","email":"customerservices@myclubgroup.com","telephone":"01883772929","legalName":"My Club Europe PLC","numberOfEmployees":{"@type":"QuantitativeValue","minValue":"11","maxValue":"50"},"publishingPrinciples":"https:\/\/myclubgroup.com\/terms-conditions\/","ownershipFundingInfo":"https:\/\/myclubgroup.com\/about-us\/","actionableFeedbackPolicy":"https:\/\/myclubgroup.com\/terms-conditions\/","correctionsPolicy":"https:\/\/myclubgroup.com\/terms-conditions\/","ethicsPolicy":"https:\/\/myclubgroup.com\/anti-slavery-policy\/","diversityPolicy":"https:\/\/myclubgroup.com\/anti-slavery-policy\/","diversityStaffingReport":"https:\/\/myclubgroup.com\/anti-slavery-policy\/"}]}},"_links":{"self":[{"href":"https:\/\/myclubgroup.com\/fr\/wp-json\/wp\/v2\/pages\/3514","targetHints":{"allow":["GET"]}}],"collection":[{"href":"https:\/\/myclubgroup.com\/fr\/wp-json\/wp\/v2\/pages"}],"about":[{"href":"https:\/\/myclubgroup.com\/fr\/wp-json\/wp\/v2\/types\/page"}],"author":[{"embeddable":true,"href":"https:\/\/myclubgroup.com\/fr\/wp-json\/wp\/v2\/users\/2"}],"replies":[{"embeddable":true,"href":"https:\/\/myclubgroup.com\/fr\/wp-json\/wp\/v2\/comments?post=3514"}],"version-history":[{"count":0,"href":"https:\/\/myclubgroup.com\/fr\/wp-json\/wp\/v2\/pages\/3514\/revisions"}],"wp:featuredmedia":[{"embeddable":true,"href":"https:\/\/myclubgroup.com\/fr\/wp-json\/wp\/v2\/media\/839124"}],"wp:attachment":[{"href":"https:\/\/myclubgroup.com\/fr\/wp-json\/wp\/v2\/media?parent=3514"}],"curies":[{"name":"wp","href":"https:\/\/api.w.org\/{rel}","templated":true}]}}